{"id":7433,"date":"2023-10-27T09:41:58","date_gmt":"2023-10-27T07:41:58","guid":{"rendered":"https:\/\/ocean-yachting.de\/pie-de-imprenta\/"},"modified":"2025-10-13T14:59:01","modified_gmt":"2025-10-13T12:59:01","slug":"pie-de-imprenta","status":"publish","type":"page","link":"https:\/\/ocean-yachting.de\/es\/pie-de-imprenta\/","title":{"rendered":"Pie de imprenta"},"content":{"rendered":"\t\t<div data-elementor-type=\"wp-page\" data-elementor-id=\"7433\" class=\"elementor elementor-7433 elementor-450\" data-elementor-post-type=\"page\">\n\t\t\t\t\t\t<section class=\"elementor-section elementor-top-section elementor-element elementor-element-7222ef3 padding-140 elementor-section-full_width elementor-section-height-default elementor-section-height-default\" data-id=\"7222ef3\" data-element_type=\"section\" data-e-type=\"section\" id=\"padding-140\">\n\t\t\t\t\t\t<div class=\"elementor-container elementor-column-gap-default\">\n\t\t\t\t\t<div class=\"elementor-column elementor-col-100 elementor-top-column elementor-element elementor-element-7b9735c5\" data-id=\"7b9735c5\" data-element_type=\"column\" data-e-type=\"column\">\n\t\t\t<div class=\"elementor-widget-wrap elementor-element-populated\">\n\t\t\t\t\t\t<div class=\"elementor-element elementor-element-c920579 padd-140 elementor-widget elementor-widget-spacer\" data-id=\"c920579\" data-element_type=\"widget\" data-e-type=\"widget\" data-widget_type=\"spacer.default\">\n\t\t\t\t<div class=\"elementor-widget-container\">\n\t\t\t\t\t\t\t<div class=\"elementor-spacer\">\n\t\t\t<div class=\"elementor-spacer-inner\"><\/div>\n\t\t<\/div>\n\t\t\t\t\t\t<\/div>\n\t\t\t\t<\/div>\n\t\t\t\t\t<\/div>\n\t\t<\/div>\n\t\t\t\t\t<\/div>\n\t\t<\/section>\n\t\t\t\t<section class=\"elementor-section elementor-top-section elementor-element elementor-element-b127f00 elementor-section-full_width elementor-section-height-default elementor-section-height-default\" data-id=\"b127f00\" data-element_type=\"section\" data-e-type=\"section\">\n\t\t\t\t\t\t<div class=\"elementor-container elementor-column-gap-default\">\n\t\t\t\t\t<div class=\"elementor-column elementor-col-100 elementor-top-column elementor-element elementor-element-52a1092\" data-id=\"52a1092\" data-element_type=\"column\" data-e-type=\"column\">\n\t\t\t<div class=\"elementor-widget-wrap elementor-element-populated\">\n\t\t\t\t\t\t<section class=\"elementor-section elementor-inner-section elementor-element elementor-element-3b87710 elementor-section-boxed elementor-section-height-default elementor-section-height-default\" data-id=\"3b87710\" data-element_type=\"section\" data-e-type=\"section\">\n\t\t\t\t\t\t<div class=\"elementor-container elementor-column-gap-default\">\n\t\t\t\t\t<div class=\"elementor-column elementor-col-100 elementor-inner-column elementor-element elementor-element-d1bf359\" data-id=\"d1bf359\" data-element_type=\"column\" data-e-type=\"column\">\n\t\t\t<div class=\"elementor-widget-wrap elementor-element-populated\">\n\t\t\t\t\t\t<div class=\"elementor-element elementor-element-068251d hl1 elementor-widget elementor-widget-text-editor\" data-id=\"068251d\" data-element_type=\"widget\" data-e-type=\"widget\" data-widget_type=\"text-editor.default\">\n\t\t\t\t<div class=\"elementor-widget-container\">\n\t\t\t\t\t\t\t\t\t<h1>Pie de imprenta<\/h1>\t\t\t\t\t\t\t\t<\/div>\n\t\t\t\t<\/div>\n\t\t\t\t\t<\/div>\n\t\t<\/div>\n\t\t\t\t\t<\/div>\n\t\t<\/section>\n\t\t\t\t\t<\/div>\n\t\t<\/div>\n\t\t\t\t\t<\/div>\n\t\t<\/section>\n\t\t\t\t<section class=\"elementor-section elementor-top-section elementor-element elementor-element-61fc4ebc padding-20 elementor-section-full_width elementor-section-height-default elementor-section-height-default\" data-id=\"61fc4ebc\" data-element_type=\"section\" data-e-type=\"section\" id=\"padding-20\">\n\t\t\t\t\t\t<div class=\"elementor-container elementor-column-gap-default\">\n\t\t\t\t\t<div class=\"elementor-column elementor-col-100 elementor-top-column elementor-element elementor-element-4a513b75\" data-id=\"4a513b75\" data-element_type=\"column\" data-e-type=\"column\">\n\t\t\t<div class=\"elementor-widget-wrap elementor-element-populated\">\n\t\t\t\t\t\t<div class=\"elementor-element elementor-element-73f604a2 padd-20 elementor-widget elementor-widget-spacer\" data-id=\"73f604a2\" data-element_type=\"widget\" data-e-type=\"widget\" data-widget_type=\"spacer.default\">\n\t\t\t\t<div class=\"elementor-widget-container\">\n\t\t\t\t\t\t\t<div class=\"elementor-spacer\">\n\t\t\t<div class=\"elementor-spacer-inner\"><\/div>\n\t\t<\/div>\n\t\t\t\t\t\t<\/div>\n\t\t\t\t<\/div>\n\t\t\t\t\t<\/div>\n\t\t<\/div>\n\t\t\t\t\t<\/div>\n\t\t<\/section>\n\t\t\t\t<section class=\"elementor-section elementor-top-section elementor-element elementor-element-7aa8303 elementor-section-full_width elementor-section-height-default elementor-section-height-default\" data-id=\"7aa8303\" data-element_type=\"section\" data-e-type=\"section\">\n\t\t\t\t\t\t<div class=\"elementor-container elementor-column-gap-default\">\n\t\t\t\t\t<div class=\"elementor-column elementor-col-100 elementor-top-column elementor-element elementor-element-9560cf0\" data-id=\"9560cf0\" data-element_type=\"column\" data-e-type=\"column\">\n\t\t\t<div class=\"elementor-widget-wrap elementor-element-populated\">\n\t\t\t\t\t\t<section class=\"elementor-section elementor-inner-section elementor-element elementor-element-90ae8cf elementor-section-boxed elementor-section-height-default elementor-section-height-default\" data-id=\"90ae8cf\" data-element_type=\"section\" data-e-type=\"section\">\n\t\t\t\t\t\t<div class=\"elementor-container elementor-column-gap-default\">\n\t\t\t\t\t<div class=\"elementor-column elementor-col-100 elementor-inner-column elementor-element elementor-element-8cd7cd1\" data-id=\"8cd7cd1\" data-element_type=\"column\" data-e-type=\"column\">\n\t\t\t<div class=\"elementor-widget-wrap elementor-element-populated\">\n\t\t\t\t\t\t<div class=\"elementor-element elementor-element-4be102a elementor-widget elementor-widget-text-editor\" data-id=\"4be102a\" data-element_type=\"widget\" data-e-type=\"widget\" data-widget_type=\"text-editor.default\">\n\t\t\t\t<div class=\"elementor-widget-container\">\n\t\t\t\t\t\t\t\t\t<p><strong>Ocean Yachting GmbH<\/strong><\/p><p>Immengarten 10b<br>30926 Seelze &#8211; Hannover<\/p><p>Tel\u00e9fono: +49 511 37 36 37 35<\/p><p>info@ocean-yachting.de<\/p><p>www.ocean-yachting.de<\/p><p>Director general autorizado: Simon M\u00f6bus<\/p><p>Responsable del contenido seg\u00fan \u00a710 p\u00e1rrafo 3 MDStV: Simon M\u00f6bus<\/p><p>Tribunal de registro: Tribunal Local de Hannover<br>N\u00famero de registro: HRB 228072<br>N\u00famero de identificaci\u00f3n fiscal: DE450389065<\/p><p>Eficacia jur\u00eddica<\/p><p>Al visitar el sitio web de Ocean Yachting, usted reconoce las disposiciones de nuestra cl\u00e1usula de exenci\u00f3n de responsabilidad. En caso de que partes o formulaciones individuales de este descargo de responsabilidad no se ajusten, dejen de ajustarse o no se ajusten completamente a la situaci\u00f3n legal aplicable, esto no afectar\u00e1 a la validez de las disposiciones restantes. <\/p><p>Nos reservamos el derecho a introducir desviaciones en las representaciones de los yates en fotograf\u00edas, planos de disposici\u00f3n o renders, as\u00ed como en la representaci\u00f3n y denominaci\u00f3n textual de los detalles de equipamiento. Tambi\u00e9n nos reservamos el derecho a errores y cambios de precio. Por favor, solic\u00edtenos siempre los detalles de equipamiento actuales y las listas de precios originales de los yates.  <\/p>\t\t\t\t\t\t\t\t<\/div>\n\t\t\t\t<\/div>\n\t\t\t\t<div class=\"elementor-element elementor-element-b259fb7 elementor-widget elementor-widget-text-editor\" data-id=\"b259fb7\" data-element_type=\"widget\" data-e-type=\"widget\" data-widget_type=\"text-editor.default\">\n\t\t\t\t<div class=\"elementor-widget-container\">\n\t\t\t\t\t\t\t\t\t<h2>Referencias<\/h2><p>https:\/\/ocean-yachting.de\/kontakt\/ &#8211; Adobe Stock &#8211; 801084326, 31472703<\/p><p>https:\/\/ocean-yachting.de\/team\/ &#8211; Adobe Stock &#8211; 31400392, 499796104, 527286221<\/p><p>https:\/\/ocean-yachting.de\/ueber-uns\/ &#8211; Adobe Stock &#8211; 711832323<\/p>\t\t\t\t\t\t\t\t<\/div>\n\t\t\t\t<\/div>\n\t\t\t\t\t<\/div>\n\t\t<\/div>\n\t\t\t\t\t<\/div>\n\t\t<\/section>\n\t\t\t\t\t<\/div>\n\t\t<\/div>\n\t\t\t\t\t<\/div>\n\t\t<\/section>\n\t\t\t\t<section class=\"elementor-section elementor-top-section elementor-element elementor-element-30d37318 padding-80 elementor-section-full_width elementor-section-height-default elementor-section-height-default\" data-id=\"30d37318\" data-element_type=\"section\" data-e-type=\"section\" id=\"padding-80\">\n\t\t\t\t\t\t<div class=\"elementor-container elementor-column-gap-default\">\n\t\t\t\t\t<div class=\"elementor-column elementor-col-100 elementor-top-column elementor-element elementor-element-26a61635\" data-id=\"26a61635\" data-element_type=\"column\" data-e-type=\"column\">\n\t\t\t<div class=\"elementor-widget-wrap elementor-element-populated\">\n\t\t\t\t\t\t<div class=\"elementor-element elementor-element-3b551c19 padd-80 elementor-widget elementor-widget-spacer\" data-id=\"3b551c19\" data-element_type=\"widget\" data-e-type=\"widget\" data-widget_type=\"spacer.default\">\n\t\t\t\t<div class=\"elementor-widget-container\">\n\t\t\t\t\t\t\t<div class=\"elementor-spacer\">\n\t\t\t<div class=\"elementor-spacer-inner\"><\/div>\n\t\t<\/div>\n\t\t\t\t\t\t<\/div>\n\t\t\t\t<\/div>\n\t\t\t\t\t<\/div>\n\t\t<\/div>\n\t\t\t\t\t<\/div>\n\t\t<\/section>\n\t\t\t\t<\/div>\n\t\t","protected":false},"excerpt":{"rendered":"<p>Pie de imprenta Ocean Yachting GmbH Immengarten 10b30926 Seelze &#8211; Hannover Tel\u00e9fono: +49 511 37 36 37 35 info@ocean-yachting.de www.ocean-yachting.de Director general autorizado: Simon M\u00f6bus Responsable del contenido seg\u00fan \u00a710 p\u00e1rrafo 3 MDStV: Simon M\u00f6bus Tribunal de registro: Tribunal Local de HannoverN\u00famero de registro: HRB 228072N\u00famero de identificaci\u00f3n fiscal: DE450389065 Eficacia jur\u00eddica Al visitar el [&hellip;]<\/p>\n","protected":false},"author":10,"featured_media":0,"parent":0,"menu_order":0,"comment_status":"closed","ping_status":"closed","template":"elementor_header_footer","meta":{"_acf_changed":false,"footnotes":""},"class_list":["post-7433","page","type-page","status-publish","hentry"],"acf":[],"yoast_head":"<!-- This site is optimized with the Yoast SEO plugin v27.2 - https:\/\/yoast.com\/product\/yoast-seo-wordpress\/ -->\n<title>Pie de imprenta - ocean-yachting.de<\/title>\n<meta name=\"description\" content=\"Ocean Yachting GmbH - La impronta de su socio para barcos y yates exclusivos Cranchi made in Italy\" \/>\n<meta name=\"robots\" content=\"index, follow, max-snippet:-1, max-image-preview:large, max-video-preview:-1\" \/>\n<link rel=\"canonical\" href=\"https:\/\/ocean-yachting.de\/es\/pie-de-imprenta\/\" \/>\n<meta property=\"og:locale\" content=\"es_ES\" \/>\n<meta property=\"og:type\" content=\"article\" \/>\n<meta property=\"og:title\" content=\"Pie de imprenta - ocean-yachting.de\" \/>\n<meta property=\"og:description\" content=\"Ocean Yachting GmbH - La impronta de su socio para barcos y yates exclusivos Cranchi made in Italy\" \/>\n<meta property=\"og:url\" content=\"https:\/\/ocean-yachting.de\/es\/pie-de-imprenta\/\" \/>\n<meta property=\"og:site_name\" content=\"ocean-yachting.de\" \/>\n<meta property=\"article:modified_time\" content=\"2025-10-13T12:59:01+00:00\" \/>\n<meta name=\"twitter:card\" content=\"summary_large_image\" \/>\n<meta name=\"twitter:label1\" content=\"Tiempo de lectura\" \/>\n\t<meta name=\"twitter:data1\" content=\"1 minuto\" \/>\n<script type=\"application\/ld+json\" class=\"yoast-schema-graph\">{\"@context\":\"https:\/\/schema.org\",\"@graph\":[{\"@type\":\"WebPage\",\"@id\":\"https:\/\/ocean-yachting.de\/es\/pie-de-imprenta\/\",\"url\":\"https:\/\/ocean-yachting.de\/es\/pie-de-imprenta\/\",\"name\":\"Pie de imprenta - ocean-yachting.de\",\"isPartOf\":{\"@id\":\"https:\/\/ocean-yachting.de\/es\/#website\"},\"datePublished\":\"2023-10-27T07:41:58+00:00\",\"dateModified\":\"2025-10-13T12:59:01+00:00\",\"description\":\"Ocean Yachting GmbH - La impronta de su socio para barcos y yates exclusivos Cranchi made in Italy\",\"breadcrumb\":{\"@id\":\"https:\/\/ocean-yachting.de\/es\/pie-de-imprenta\/#breadcrumb\"},\"inLanguage\":\"es\",\"potentialAction\":[{\"@type\":\"ReadAction\",\"target\":[\"https:\/\/ocean-yachting.de\/es\/pie-de-imprenta\/\"]}]},{\"@type\":\"BreadcrumbList\",\"@id\":\"https:\/\/ocean-yachting.de\/es\/pie-de-imprenta\/#breadcrumb\",\"itemListElement\":[{\"@type\":\"ListItem\",\"position\":1,\"name\":\"Startseite\",\"item\":\"https:\/\/ocean-yachting.de\/es\/pagina-de-inicio\/\"},{\"@type\":\"ListItem\",\"position\":2,\"name\":\"Pie de imprenta\"}]},{\"@type\":\"WebSite\",\"@id\":\"https:\/\/ocean-yachting.de\/es\/#website\",\"url\":\"https:\/\/ocean-yachting.de\/es\/\",\"name\":\"ocean-yachting.de\",\"description\":\"\",\"publisher\":{\"@id\":\"https:\/\/ocean-yachting.de\/es\/#organization\"},\"potentialAction\":[{\"@type\":\"SearchAction\",\"target\":{\"@type\":\"EntryPoint\",\"urlTemplate\":\"https:\/\/ocean-yachting.de\/es\/?s={search_term_string}\"},\"query-input\":{\"@type\":\"PropertyValueSpecification\",\"valueRequired\":true,\"valueName\":\"search_term_string\"}}],\"inLanguage\":\"es\"},{\"@type\":\"Organization\",\"@id\":\"https:\/\/ocean-yachting.de\/es\/#organization\",\"name\":\"Ocean Yachting GmbH\",\"url\":\"https:\/\/ocean-yachting.de\/es\/\",\"logo\":{\"@type\":\"ImageObject\",\"inLanguage\":\"es\",\"@id\":\"https:\/\/ocean-yachting.de\/es\/#\/schema\/logo\/image\/\",\"url\":\"https:\/\/ocean-yachting.de\/wp-content\/uploads\/2022\/02\/ocean-yachting-logo.webp\",\"contentUrl\":\"https:\/\/ocean-yachting.de\/wp-content\/uploads\/2022\/02\/ocean-yachting-logo.webp\",\"width\":260,\"height\":57,\"caption\":\"Ocean Yachting GmbH\"},\"image\":{\"@id\":\"https:\/\/ocean-yachting.de\/es\/#\/schema\/logo\/image\/\"}}]}<\/script>\n<!-- \/ Yoast SEO plugin. -->","yoast_head_json":{"title":"Pie de imprenta - ocean-yachting.de","description":"Ocean Yachting GmbH - La impronta de su socio para barcos y yates exclusivos Cranchi made in Italy","robots":{"index":"index","follow":"follow","max-snippet":"max-snippet:-1","max-image-preview":"max-image-preview:large","max-video-preview":"max-video-preview:-1"},"canonical":"https:\/\/ocean-yachting.de\/es\/pie-de-imprenta\/","og_locale":"es_ES","og_type":"article","og_title":"Pie de imprenta - ocean-yachting.de","og_description":"Ocean Yachting GmbH - La impronta de su socio para barcos y yates exclusivos Cranchi made in Italy","og_url":"https:\/\/ocean-yachting.de\/es\/pie-de-imprenta\/","og_site_name":"ocean-yachting.de","article_modified_time":"2025-10-13T12:59:01+00:00","twitter_card":"summary_large_image","twitter_misc":{"Tiempo de lectura":"1 minuto"},"schema":{"@context":"https:\/\/schema.org","@graph":[{"@type":"WebPage","@id":"https:\/\/ocean-yachting.de\/es\/pie-de-imprenta\/","url":"https:\/\/ocean-yachting.de\/es\/pie-de-imprenta\/","name":"Pie de imprenta - ocean-yachting.de","isPartOf":{"@id":"https:\/\/ocean-yachting.de\/es\/#website"},"datePublished":"2023-10-27T07:41:58+00:00","dateModified":"2025-10-13T12:59:01+00:00","description":"Ocean Yachting GmbH - La impronta de su socio para barcos y yates exclusivos Cranchi made in Italy","breadcrumb":{"@id":"https:\/\/ocean-yachting.de\/es\/pie-de-imprenta\/#breadcrumb"},"inLanguage":"es","potentialAction":[{"@type":"ReadAction","target":["https:\/\/ocean-yachting.de\/es\/pie-de-imprenta\/"]}]},{"@type":"BreadcrumbList","@id":"https:\/\/ocean-yachting.de\/es\/pie-de-imprenta\/#breadcrumb","itemListElement":[{"@type":"ListItem","position":1,"name":"Startseite","item":"https:\/\/ocean-yachting.de\/es\/pagina-de-inicio\/"},{"@type":"ListItem","position":2,"name":"Pie de imprenta"}]},{"@type":"WebSite","@id":"https:\/\/ocean-yachting.de\/es\/#website","url":"https:\/\/ocean-yachting.de\/es\/","name":"ocean-yachting.de","description":"","publisher":{"@id":"https:\/\/ocean-yachting.de\/es\/#organization"},"potentialAction":[{"@type":"SearchAction","target":{"@type":"EntryPoint","urlTemplate":"https:\/\/ocean-yachting.de\/es\/?s={search_term_string}"},"query-input":{"@type":"PropertyValueSpecification","valueRequired":true,"valueName":"search_term_string"}}],"inLanguage":"es"},{"@type":"Organization","@id":"https:\/\/ocean-yachting.de\/es\/#organization","name":"Ocean Yachting GmbH","url":"https:\/\/ocean-yachting.de\/es\/","logo":{"@type":"ImageObject","inLanguage":"es","@id":"https:\/\/ocean-yachting.de\/es\/#\/schema\/logo\/image\/","url":"https:\/\/ocean-yachting.de\/wp-content\/uploads\/2022\/02\/ocean-yachting-logo.webp","contentUrl":"https:\/\/ocean-yachting.de\/wp-content\/uploads\/2022\/02\/ocean-yachting-logo.webp","width":260,"height":57,"caption":"Ocean Yachting GmbH"},"image":{"@id":"https:\/\/ocean-yachting.de\/es\/#\/schema\/logo\/image\/"}}]}},"_links":{"self":[{"href":"https:\/\/ocean-yachting.de\/es\/wp-json\/wp\/v2\/pages\/7433","targetHints":{"allow":["GET"]}}],"collection":[{"href":"https:\/\/ocean-yachting.de\/es\/wp-json\/wp\/v2\/pages"}],"about":[{"href":"https:\/\/ocean-yachting.de\/es\/wp-json\/wp\/v2\/types\/page"}],"author":[{"embeddable":true,"href":"https:\/\/ocean-yachting.de\/es\/wp-json\/wp\/v2\/users\/10"}],"replies":[{"embeddable":true,"href":"https:\/\/ocean-yachting.de\/es\/wp-json\/wp\/v2\/comments?post=7433"}],"version-history":[{"count":1,"href":"https:\/\/ocean-yachting.de\/es\/wp-json\/wp\/v2\/pages\/7433\/revisions"}],"predecessor-version":[{"id":7434,"href":"https:\/\/ocean-yachting.de\/es\/wp-json\/wp\/v2\/pages\/7433\/revisions\/7434"}],"wp:attachment":[{"href":"https:\/\/ocean-yachting.de\/es\/wp-json\/wp\/v2\/media?parent=7433"}],"curies":[{"name":"wp","href":"https:\/\/api.w.org\/{rel}","templated":true}]}}