{"id":7488,"date":"2024-09-12T11:49:17","date_gmt":"2024-09-12T09:49:17","guid":{"rendered":"https:\/\/ocean-yachting.de\/barcos-usados\/"},"modified":"2025-04-24T14:43:01","modified_gmt":"2025-04-24T12:43:01","slug":"barcos-usados","status":"publish","type":"page","link":"https:\/\/ocean-yachting.de\/es\/barcos-usados\/","title":{"rendered":"Barcos usados"},"content":{"rendered":"\t\t<div data-elementor-type=\"wp-page\" data-elementor-id=\"7488\" class=\"elementor elementor-7488 elementor-986\" data-elementor-post-type=\"page\">\n\t\t\t\t\t\t<section class=\"elementor-section elementor-top-section elementor-element elementor-element-456179a8 elementor-section-full_width elementor-section-height-full p-clean-h-v26-1 elementor-section-items-bottom elementor-section-height-default\" data-id=\"456179a8\" data-element_type=\"section\" data-e-type=\"section\" id=\"p-clean-h-v26-1\" data-settings=\"{&quot;background_background&quot;:&quot;classic&quot;}\">\n\t\t\t\t\t\t<div class=\"elementor-container elementor-column-gap-default\">\n\t\t\t\t\t<div class=\"elementor-column elementor-col-100 elementor-top-column elementor-element elementor-element-7ec2eeef\" data-id=\"7ec2eeef\" data-element_type=\"column\" data-e-type=\"column\">\n\t\t\t<div class=\"elementor-widget-wrap elementor-element-populated\">\n\t\t\t\t\t\t<section class=\"elementor-section elementor-inner-section elementor-element elementor-element-244438a8 inn-1 elementor-section-boxed elementor-section-height-default elementor-section-height-default\" data-id=\"244438a8\" data-element_type=\"section\" data-e-type=\"section\">\n\t\t\t\t\t\t<div class=\"elementor-container elementor-column-gap-default\">\n\t\t\t\t\t<div class=\"elementor-column elementor-col-66 elementor-inner-column elementor-element elementor-element-c83cef0 col21\" data-id=\"c83cef0\" data-element_type=\"column\" data-e-type=\"column\">\n\t\t\t<div class=\"elementor-widget-wrap elementor-element-populated\">\n\t\t\t\t\t\t<div class=\"elementor-element elementor-element-5262be2 hl1 whitetext elementor-widget elementor-widget-text-editor\" data-id=\"5262be2\" data-element_type=\"widget\" data-e-type=\"widget\" data-widget_type=\"text-editor.default\">\n\t\t\t\t<div class=\"elementor-widget-container\">\n\t\t\t\t\t\t\t\t\t<p>Barcos usados<\/p>\t\t\t\t\t\t\t\t<\/div>\n\t\t\t\t<\/div>\n\t\t\t\t\t<\/div>\n\t\t<\/div>\n\t\t\t\t<div class=\"elementor-column elementor-col-33 elementor-inner-column elementor-element elementor-element-56ab4055 col22\" data-id=\"56ab4055\" data-element_type=\"column\" data-e-type=\"column\">\n\t\t\t<div class=\"elementor-widget-wrap\">\n\t\t\t\t\t\t\t<\/div>\n\t\t<\/div>\n\t\t\t\t\t<\/div>\n\t\t<\/section>\n\t\t\t\t<section class=\"elementor-section elementor-inner-section elementor-element elementor-element-91819ec inn-2 l-s elementor-section-boxed elementor-section-height-default elementor-section-height-default\" data-id=\"91819ec\" data-element_type=\"section\" data-e-type=\"section\">\n\t\t\t\t\t\t<div class=\"elementor-container elementor-column-gap-default\">\n\t\t\t\t\t<div class=\"elementor-column elementor-col-100 elementor-inner-column elementor-element elementor-element-fa4ad11\" data-id=\"fa4ad11\" data-element_type=\"column\" data-e-type=\"column\">\n\t\t\t<div class=\"elementor-widget-wrap elementor-element-populated\">\n\t\t\t\t\t\t<div class=\"elementor-element elementor-element-2b23bfb6 btn-ci1 mf-trigger elementor-widget elementor-widget-button\" data-id=\"2b23bfb6\" data-element_type=\"widget\" data-e-type=\"widget\" data-widget_type=\"button.default\">\n\t\t\t\t<div class=\"elementor-widget-container\">\n\t\t\t\t\t\t\t\t\t<div class=\"elementor-button-wrapper\">\n\t\t\t\t\t<a class=\"elementor-button elementor-size-sm\" role=\"button\">\n\t\t\t\t\t\t<span class=\"elementor-button-content-wrapper\">\n\t\t\t\t\t\t\t\t\t<span class=\"elementor-button-text\">Asesoramiento inicial sin compromiso<\/span>\n\t\t\t\t\t<\/span>\n\t\t\t\t\t<\/a>\n\t\t\t\t<\/div>\n\t\t\t\t\t\t\t\t<\/div>\n\t\t\t\t<\/div>\n\t\t\t\t\t<\/div>\n\t\t<\/div>\n\t\t\t\t\t<\/div>\n\t\t<\/section>\n\t\t\t\t\t<\/div>\n\t\t<\/div>\n\t\t\t\t\t<\/div>\n\t\t<\/section>\n\t\t\t\t<section class=\"elementor-section elementor-top-section elementor-element elementor-element-3f02483f padding-100  elementor-section-full_width elementor-section-height-default elementor-section-height-default\" data-id=\"3f02483f\" data-element_type=\"section\" data-e-type=\"section\" id=\"padding-100\">\n\t\t\t\t\t\t<div class=\"elementor-container elementor-column-gap-default\">\n\t\t\t\t\t<div class=\"elementor-column elementor-col-100 elementor-top-column elementor-element elementor-element-5eda7f84\" data-id=\"5eda7f84\" data-element_type=\"column\" data-e-type=\"column\">\n\t\t\t<div class=\"elementor-widget-wrap elementor-element-populated\">\n\t\t\t\t\t\t<div class=\"elementor-element elementor-element-539d0d39 padd-100 elementor-widget elementor-widget-spacer\" data-id=\"539d0d39\" data-element_type=\"widget\" data-e-type=\"widget\" data-widget_type=\"spacer.default\">\n\t\t\t\t<div class=\"elementor-widget-container\">\n\t\t\t\t\t\t\t<div class=\"elementor-spacer\">\n\t\t\t<div class=\"elementor-spacer-inner\"><\/div>\n\t\t<\/div>\n\t\t\t\t\t\t<\/div>\n\t\t\t\t<\/div>\n\t\t\t\t\t<\/div>\n\t\t<\/div>\n\t\t\t\t\t<\/div>\n\t\t<\/section>\n\t\t\t\t<section class=\"elementor-section elementor-top-section elementor-element elementor-element-3c22acc4 p-clean-hl1-v1-1 bac elementor-section-full_width elementor-section-height-default elementor-section-height-default\" data-id=\"3c22acc4\" data-element_type=\"section\" data-e-type=\"section\" id=\"p-clean-hl1-v1-1\">\n\t\t\t\t\t\t<div class=\"elementor-container elementor-column-gap-default\">\n\t\t\t\t\t<div class=\"elementor-column elementor-col-100 elementor-top-column elementor-element elementor-element-4fae99f2\" data-id=\"4fae99f2\" data-element_type=\"column\" data-e-type=\"column\">\n\t\t\t<div class=\"elementor-widget-wrap elementor-element-populated\">\n\t\t\t\t\t\t<section class=\"elementor-section elementor-inner-section elementor-element elementor-element-45cc7f5d elementor-section-boxed elementor-section-height-default elementor-section-height-default\" data-id=\"45cc7f5d\" data-element_type=\"section\" data-e-type=\"section\">\n\t\t\t\t\t\t<div class=\"elementor-container elementor-column-gap-default\">\n\t\t\t\t\t<div class=\"elementor-column elementor-col-100 elementor-inner-column elementor-element elementor-element-5c01391a\" data-id=\"5c01391a\" data-element_type=\"column\" data-e-type=\"column\">\n\t\t\t<div class=\"elementor-widget-wrap elementor-element-populated\">\n\t\t\t\t\t\t<div class=\"elementor-element elementor-element-4f3ab1b5 hl1 elementor-widget elementor-widget-text-editor\" data-id=\"4f3ab1b5\" data-element_type=\"widget\" data-e-type=\"widget\" data-widget_type=\"text-editor.default\">\n\t\t\t\t<div class=\"elementor-widget-container\">\n\t\t\t\t\t\t\t\t\t<h1>Barcos usados de alta calidad a precios imbatibles<\/h1>\t\t\t\t\t\t\t\t<\/div>\n\t\t\t\t<\/div>\n\t\t\t\t\t<\/div>\n\t\t<\/div>\n\t\t\t\t\t<\/div>\n\t\t<\/section>\n\t\t\t\t\t<\/div>\n\t\t<\/div>\n\t\t\t\t\t<\/div>\n\t\t<\/section>\n\t\t\t\t<section class=\"elementor-section elementor-top-section elementor-element elementor-element-156d688e padding-60  elementor-section-full_width elementor-section-height-default elementor-section-height-default\" data-id=\"156d688e\" data-element_type=\"section\" data-e-type=\"section\" id=\"padding-60\">\n\t\t\t\t\t\t<div class=\"elementor-container elementor-column-gap-default\">\n\t\t\t\t\t<div class=\"elementor-column elementor-col-100 elementor-top-column elementor-element elementor-element-70a29e75\" data-id=\"70a29e75\" data-element_type=\"column\" data-e-type=\"column\">\n\t\t\t<div class=\"elementor-widget-wrap elementor-element-populated\">\n\t\t\t\t\t\t<div class=\"elementor-element elementor-element-608248b3 padd-60 elementor-widget elementor-widget-spacer\" data-id=\"608248b3\" data-element_type=\"widget\" data-e-type=\"widget\" data-widget_type=\"spacer.default\">\n\t\t\t\t<div class=\"elementor-widget-container\">\n\t\t\t\t\t\t\t<div class=\"elementor-spacer\">\n\t\t\t<div class=\"elementor-spacer-inner\"><\/div>\n\t\t<\/div>\n\t\t\t\t\t\t<\/div>\n\t\t\t\t<\/div>\n\t\t\t\t\t<\/div>\n\t\t<\/div>\n\t\t\t\t\t<\/div>\n\t\t<\/section>\n\t\t\t\t<section class=\"elementor-section elementor-top-section elementor-element elementor-element-5de0d8b3 p-clean-co-v2-1 elementor-section-full_width elementor-section-height-default elementor-section-height-default\" data-id=\"5de0d8b3\" data-element_type=\"section\" data-e-type=\"section\" id=\"p-clean-co-v2-1\">\n\t\t\t\t\t\t<div class=\"elementor-container elementor-column-gap-default\">\n\t\t\t\t\t<div class=\"elementor-column elementor-col-100 elementor-top-column elementor-element elementor-element-67c373f0\" data-id=\"67c373f0\" data-element_type=\"column\" data-e-type=\"column\">\n\t\t\t<div class=\"elementor-widget-wrap elementor-element-populated\">\n\t\t\t\t\t\t<section class=\"elementor-section elementor-inner-section elementor-element elementor-element-c876ccb elementor-section-boxed elementor-section-height-default elementor-section-height-default\" data-id=\"c876ccb\" data-element_type=\"section\" data-e-type=\"section\">\n\t\t\t\t\t\t<div class=\"elementor-container elementor-column-gap-default\">\n\t\t\t\t\t<div class=\"elementor-column elementor-col-100 elementor-inner-column elementor-element elementor-element-4a898c82\" data-id=\"4a898c82\" data-element_type=\"column\" data-e-type=\"column\">\n\t\t\t<div class=\"elementor-widget-wrap elementor-element-populated\">\n\t\t\t\t\t\t<div class=\"elementor-element elementor-element-3da273a5 elementor-widget elementor-widget-text-editor\" data-id=\"3da273a5\" data-element_type=\"widget\" data-e-type=\"widget\" data-widget_type=\"text-editor.default\">\n\t\t\t\t<div class=\"elementor-widget-container\">\n\t\t\t\t\t\t\t\t\t<p>Eche un vistazo a nuestra amplia gama de ofertas de embarcaciones de ocasi\u00f3n. Nuestros expertos est\u00e1n a su disposici\u00f3n para ayudarle a encontrar el barco perfecto para sus necesidades y estar\u00e1n encantados de asesorarle. <\/p>\t\t\t\t\t\t\t\t<\/div>\n\t\t\t\t<\/div>\n\t\t\t\t\t<\/div>\n\t\t<\/div>\n\t\t\t\t\t<\/div>\n\t\t<\/section>\n\t\t\t\t\t<\/div>\n\t\t<\/div>\n\t\t\t\t\t<\/div>\n\t\t<\/section>\n\t\t\t\t<section class=\"elementor-section elementor-top-section elementor-element elementor-element-81fc1a2 padding-60  elementor-section-full_width elementor-section-height-default elementor-section-height-default\" data-id=\"81fc1a2\" data-element_type=\"section\" data-e-type=\"section\">\n\t\t\t\t\t\t<div class=\"elementor-container elementor-column-gap-default\">\n\t\t\t\t\t<div class=\"elementor-column elementor-col-100 elementor-top-column elementor-element elementor-element-9b2bef3\" data-id=\"9b2bef3\" data-element_type=\"column\" data-e-type=\"column\">\n\t\t\t<div class=\"elementor-widget-wrap elementor-element-populated\">\n\t\t\t\t\t\t<div class=\"elementor-element elementor-element-c49c03b padd-60 elementor-widget elementor-widget-spacer\" data-id=\"c49c03b\" data-element_type=\"widget\" data-e-type=\"widget\" data-widget_type=\"spacer.default\">\n\t\t\t\t<div class=\"elementor-widget-container\">\n\t\t\t\t\t\t\t<div class=\"elementor-spacer\">\n\t\t\t<div class=\"elementor-spacer-inner\"><\/div>\n\t\t<\/div>\n\t\t\t\t\t\t<\/div>\n\t\t\t\t<\/div>\n\t\t\t\t\t<\/div>\n\t\t<\/div>\n\t\t\t\t\t<\/div>\n\t\t<\/section>\n\t\t\t\t<section class=\"elementor-section elementor-top-section elementor-element elementor-element-5f24a82 elementor-section-full_width elementor-section-height-default elementor-section-height-default\" data-id=\"5f24a82\" data-element_type=\"section\" data-e-type=\"section\">\n\t\t\t\t\t\t<div class=\"elementor-container elementor-column-gap-default\">\n\t\t\t\t\t<div class=\"elementor-column elementor-col-100 elementor-top-column elementor-element elementor-element-5445821\" data-id=\"5445821\" data-element_type=\"column\" data-e-type=\"column\">\n\t\t\t<div class=\"elementor-widget-wrap elementor-element-populated\">\n\t\t\t\t\t\t<div class=\"elementor-element elementor-element-9d75401 elementor-widget elementor-widget-html\" data-id=\"9d75401\" data-element_type=\"widget\" data-e-type=\"widget\" data-widget_type=\"html.default\">\n\t\t\t\t<div class=\"elementor-widget-container\">\n\t\t\t\t\t<!-- Boatvertizer Embed Gebrauchtboote -->\n<div id=\"boatvertizer\" data-token=\"1b4ff6f721468c728e1c6bdf279a67c3\" data-language=\"de\"><\/div>\n<script src=\"https:\/\/embed.boatvertizer.com\/v1\/loader.js\"><\/script>\t\t\t\t<\/div>\n\t\t\t\t<\/div>\n\t\t\t\t\t<\/div>\n\t\t<\/div>\n\t\t\t\t\t<\/div>\n\t\t<\/section>\n\t\t\t\t<section class=\"elementor-section elementor-top-section elementor-element elementor-element-aa3b318 padding-100  elementor-section-full_width elementor-section-height-default elementor-section-height-default\" data-id=\"aa3b318\" data-element_type=\"section\" data-e-type=\"section\">\n\t\t\t\t\t\t<div class=\"elementor-container elementor-column-gap-default\">\n\t\t\t\t\t<div class=\"elementor-column elementor-col-100 elementor-top-column elementor-element elementor-element-22a3874\" data-id=\"22a3874\" data-element_type=\"column\" data-e-type=\"column\">\n\t\t\t<div class=\"elementor-widget-wrap elementor-element-populated\">\n\t\t\t\t\t\t<div class=\"elementor-element elementor-element-fa00bee padd-100 elementor-widget elementor-widget-spacer\" data-id=\"fa00bee\" data-element_type=\"widget\" data-e-type=\"widget\" data-widget_type=\"spacer.default\">\n\t\t\t\t<div class=\"elementor-widget-container\">\n\t\t\t\t\t\t\t<div class=\"elementor-spacer\">\n\t\t\t<div class=\"elementor-spacer-inner\"><\/div>\n\t\t<\/div>\n\t\t\t\t\t\t<\/div>\n\t\t\t\t<\/div>\n\t\t\t\t\t<\/div>\n\t\t<\/div>\n\t\t\t\t\t<\/div>\n\t\t<\/section>\n\t\t\t\t<\/div>\n\t\t","protected":false},"excerpt":{"rendered":"<p>Barcos usados Asesoramiento inicial sin compromiso Barcos usados de alta calidad a precios imbatibles Eche un vistazo a nuestra amplia gama de ofertas de embarcaciones de ocasi\u00f3n. Nuestros expertos est\u00e1n a su disposici\u00f3n para ayudarle a encontrar el barco perfecto para sus necesidades y estar\u00e1n encantados de asesorarle.<\/p>\n","protected":false},"author":3,"featured_media":0,"parent":0,"menu_order":0,"comment_status":"closed","ping_status":"closed","template":"elementor_header_footer","meta":{"_acf_changed":false,"footnotes":""},"class_list":["post-7488","page","type-page","status-publish","hentry"],"acf":[],"yoast_head":"<!-- This site is optimized with the Yoast SEO plugin v27.2 - https:\/\/yoast.com\/product\/yoast-seo-wordpress\/ -->\n<title>Ofertas inmejorables en barcos y yates de ocasi\u00f3n<\/title>\n<meta name=\"description\" content=\"Amplia selecci\u00f3n de yates y barcos de alta calidad a precios inmejorables: \u00a1asesoramiento competente y servicio de primera clase!\" \/>\n<meta name=\"robots\" content=\"index, follow, max-snippet:-1, max-image-preview:large, max-video-preview:-1\" \/>\n<link rel=\"canonical\" href=\"https:\/\/ocean-yachting.de\/es\/barcos-usados\/\" \/>\n<meta property=\"og:locale\" content=\"es_ES\" \/>\n<meta property=\"og:type\" content=\"article\" \/>\n<meta property=\"og:title\" content=\"Ofertas inmejorables en barcos y yates de ocasi\u00f3n\" \/>\n<meta property=\"og:description\" content=\"Amplia selecci\u00f3n de yates y barcos de alta calidad a precios inmejorables: \u00a1asesoramiento competente y servicio de primera clase!\" \/>\n<meta property=\"og:url\" content=\"https:\/\/ocean-yachting.de\/es\/barcos-usados\/\" \/>\n<meta property=\"og:site_name\" content=\"ocean-yachting.de\" \/>\n<meta property=\"article:modified_time\" content=\"2025-04-24T12:43:01+00:00\" \/>\n<meta name=\"twitter:card\" content=\"summary_large_image\" \/>\n<script type=\"application\/ld+json\" class=\"yoast-schema-graph\">{\"@context\":\"https:\/\/schema.org\",\"@graph\":[{\"@type\":\"WebPage\",\"@id\":\"https:\/\/ocean-yachting.de\/es\/barcos-usados\/\",\"url\":\"https:\/\/ocean-yachting.de\/es\/barcos-usados\/\",\"name\":\"Ofertas inmejorables en barcos y yates de ocasi\u00f3n\",\"isPartOf\":{\"@id\":\"https:\/\/ocean-yachting.de\/es\/#website\"},\"datePublished\":\"2024-09-12T09:49:17+00:00\",\"dateModified\":\"2025-04-24T12:43:01+00:00\",\"description\":\"Amplia selecci\u00f3n de yates y barcos de alta calidad a precios inmejorables: \u00a1asesoramiento competente y servicio de primera clase!\",\"breadcrumb\":{\"@id\":\"https:\/\/ocean-yachting.de\/es\/barcos-usados\/#breadcrumb\"},\"inLanguage\":\"es\",\"potentialAction\":[{\"@type\":\"ReadAction\",\"target\":[\"https:\/\/ocean-yachting.de\/es\/barcos-usados\/\"]}]},{\"@type\":\"BreadcrumbList\",\"@id\":\"https:\/\/ocean-yachting.de\/es\/barcos-usados\/#breadcrumb\",\"itemListElement\":[{\"@type\":\"ListItem\",\"position\":1,\"name\":\"Startseite\",\"item\":\"https:\/\/ocean-yachting.de\/es\/pagina-de-inicio\/\"},{\"@type\":\"ListItem\",\"position\":2,\"name\":\"Barcos usados\"}]},{\"@type\":\"WebSite\",\"@id\":\"https:\/\/ocean-yachting.de\/es\/#website\",\"url\":\"https:\/\/ocean-yachting.de\/es\/\",\"name\":\"ocean-yachting.de\",\"description\":\"\",\"publisher\":{\"@id\":\"https:\/\/ocean-yachting.de\/es\/#organization\"},\"potentialAction\":[{\"@type\":\"SearchAction\",\"target\":{\"@type\":\"EntryPoint\",\"urlTemplate\":\"https:\/\/ocean-yachting.de\/es\/?s={search_term_string}\"},\"query-input\":{\"@type\":\"PropertyValueSpecification\",\"valueRequired\":true,\"valueName\":\"search_term_string\"}}],\"inLanguage\":\"es\"},{\"@type\":\"Organization\",\"@id\":\"https:\/\/ocean-yachting.de\/es\/#organization\",\"name\":\"Ocean Yachting GmbH\",\"url\":\"https:\/\/ocean-yachting.de\/es\/\",\"logo\":{\"@type\":\"ImageObject\",\"inLanguage\":\"es\",\"@id\":\"https:\/\/ocean-yachting.de\/es\/#\/schema\/logo\/image\/\",\"url\":\"https:\/\/ocean-yachting.de\/wp-content\/uploads\/2022\/02\/ocean-yachting-logo.webp\",\"contentUrl\":\"https:\/\/ocean-yachting.de\/wp-content\/uploads\/2022\/02\/ocean-yachting-logo.webp\",\"width\":260,\"height\":57,\"caption\":\"Ocean Yachting GmbH\"},\"image\":{\"@id\":\"https:\/\/ocean-yachting.de\/es\/#\/schema\/logo\/image\/\"}}]}<\/script>\n<!-- \/ Yoast SEO plugin. -->","yoast_head_json":{"title":"Ofertas inmejorables en barcos y yates de ocasi\u00f3n","description":"Amplia selecci\u00f3n de yates y barcos de alta calidad a precios inmejorables: \u00a1asesoramiento competente y servicio de primera clase!","robots":{"index":"index","follow":"follow","max-snippet":"max-snippet:-1","max-image-preview":"max-image-preview:large","max-video-preview":"max-video-preview:-1"},"canonical":"https:\/\/ocean-yachting.de\/es\/barcos-usados\/","og_locale":"es_ES","og_type":"article","og_title":"Ofertas inmejorables en barcos y yates de ocasi\u00f3n","og_description":"Amplia selecci\u00f3n de yates y barcos de alta calidad a precios inmejorables: \u00a1asesoramiento competente y servicio de primera clase!","og_url":"https:\/\/ocean-yachting.de\/es\/barcos-usados\/","og_site_name":"ocean-yachting.de","article_modified_time":"2025-04-24T12:43:01+00:00","twitter_card":"summary_large_image","schema":{"@context":"https:\/\/schema.org","@graph":[{"@type":"WebPage","@id":"https:\/\/ocean-yachting.de\/es\/barcos-usados\/","url":"https:\/\/ocean-yachting.de\/es\/barcos-usados\/","name":"Ofertas inmejorables en barcos y yates de ocasi\u00f3n","isPartOf":{"@id":"https:\/\/ocean-yachting.de\/es\/#website"},"datePublished":"2024-09-12T09:49:17+00:00","dateModified":"2025-04-24T12:43:01+00:00","description":"Amplia selecci\u00f3n de yates y barcos de alta calidad a precios inmejorables: \u00a1asesoramiento competente y servicio de primera clase!","breadcrumb":{"@id":"https:\/\/ocean-yachting.de\/es\/barcos-usados\/#breadcrumb"},"inLanguage":"es","potentialAction":[{"@type":"ReadAction","target":["https:\/\/ocean-yachting.de\/es\/barcos-usados\/"]}]},{"@type":"BreadcrumbList","@id":"https:\/\/ocean-yachting.de\/es\/barcos-usados\/#breadcrumb","itemListElement":[{"@type":"ListItem","position":1,"name":"Startseite","item":"https:\/\/ocean-yachting.de\/es\/pagina-de-inicio\/"},{"@type":"ListItem","position":2,"name":"Barcos usados"}]},{"@type":"WebSite","@id":"https:\/\/ocean-yachting.de\/es\/#website","url":"https:\/\/ocean-yachting.de\/es\/","name":"ocean-yachting.de","description":"","publisher":{"@id":"https:\/\/ocean-yachting.de\/es\/#organization"},"potentialAction":[{"@type":"SearchAction","target":{"@type":"EntryPoint","urlTemplate":"https:\/\/ocean-yachting.de\/es\/?s={search_term_string}"},"query-input":{"@type":"PropertyValueSpecification","valueRequired":true,"valueName":"search_term_string"}}],"inLanguage":"es"},{"@type":"Organization","@id":"https:\/\/ocean-yachting.de\/es\/#organization","name":"Ocean Yachting GmbH","url":"https:\/\/ocean-yachting.de\/es\/","logo":{"@type":"ImageObject","inLanguage":"es","@id":"https:\/\/ocean-yachting.de\/es\/#\/schema\/logo\/image\/","url":"https:\/\/ocean-yachting.de\/wp-content\/uploads\/2022\/02\/ocean-yachting-logo.webp","contentUrl":"https:\/\/ocean-yachting.de\/wp-content\/uploads\/2022\/02\/ocean-yachting-logo.webp","width":260,"height":57,"caption":"Ocean Yachting GmbH"},"image":{"@id":"https:\/\/ocean-yachting.de\/es\/#\/schema\/logo\/image\/"}}]}},"_links":{"self":[{"href":"https:\/\/ocean-yachting.de\/es\/wp-json\/wp\/v2\/pages\/7488","targetHints":{"allow":["GET"]}}],"collection":[{"href":"https:\/\/ocean-yachting.de\/es\/wp-json\/wp\/v2\/pages"}],"about":[{"href":"https:\/\/ocean-yachting.de\/es\/wp-json\/wp\/v2\/types\/page"}],"author":[{"embeddable":true,"href":"https:\/\/ocean-yachting.de\/es\/wp-json\/wp\/v2\/users\/3"}],"replies":[{"embeddable":true,"href":"https:\/\/ocean-yachting.de\/es\/wp-json\/wp\/v2\/comments?post=7488"}],"version-history":[{"count":1,"href":"https:\/\/ocean-yachting.de\/es\/wp-json\/wp\/v2\/pages\/7488\/revisions"}],"predecessor-version":[{"id":7489,"href":"https:\/\/ocean-yachting.de\/es\/wp-json\/wp\/v2\/pages\/7488\/revisions\/7489"}],"wp:attachment":[{"href":"https:\/\/ocean-yachting.de\/es\/wp-json\/wp\/v2\/media?parent=7488"}],"curies":[{"name":"wp","href":"https:\/\/api.w.org\/{rel}","templated":true}]}}