{"id":7437,"date":"2023-10-27T09:41:58","date_gmt":"2023-10-27T07:41:58","guid":{"rendered":"https:\/\/ocean-yachting.de\/mentions-legales\/"},"modified":"2025-10-13T14:58:53","modified_gmt":"2025-10-13T12:58:53","slug":"mentions-legales","status":"publish","type":"page","link":"https:\/\/ocean-yachting.de\/fr\/mentions-legales\/","title":{"rendered":"Mentions l\u00e9gales"},"content":{"rendered":"\t\t<div data-elementor-type=\"wp-page\" data-elementor-id=\"7437\" class=\"elementor elementor-7437 elementor-450\" data-elementor-post-type=\"page\">\n\t\t\t\t\t\t<section class=\"elementor-section elementor-top-section elementor-element elementor-element-7222ef3 padding-140 elementor-section-full_width elementor-section-height-default elementor-section-height-default\" data-id=\"7222ef3\" data-element_type=\"section\" data-e-type=\"section\" id=\"padding-140\">\n\t\t\t\t\t\t<div class=\"elementor-container elementor-column-gap-default\">\n\t\t\t\t\t<div class=\"elementor-column elementor-col-100 elementor-top-column elementor-element elementor-element-7b9735c5\" data-id=\"7b9735c5\" data-element_type=\"column\" data-e-type=\"column\">\n\t\t\t<div class=\"elementor-widget-wrap elementor-element-populated\">\n\t\t\t\t\t\t<div class=\"elementor-element elementor-element-c920579 padd-140 elementor-widget elementor-widget-spacer\" data-id=\"c920579\" data-element_type=\"widget\" data-e-type=\"widget\" data-widget_type=\"spacer.default\">\n\t\t\t\t<div class=\"elementor-widget-container\">\n\t\t\t\t\t\t\t<div class=\"elementor-spacer\">\n\t\t\t<div class=\"elementor-spacer-inner\"><\/div>\n\t\t<\/div>\n\t\t\t\t\t\t<\/div>\n\t\t\t\t<\/div>\n\t\t\t\t\t<\/div>\n\t\t<\/div>\n\t\t\t\t\t<\/div>\n\t\t<\/section>\n\t\t\t\t<section class=\"elementor-section elementor-top-section elementor-element elementor-element-b127f00 elementor-section-full_width elementor-section-height-default elementor-section-height-default\" data-id=\"b127f00\" data-element_type=\"section\" data-e-type=\"section\">\n\t\t\t\t\t\t<div class=\"elementor-container elementor-column-gap-default\">\n\t\t\t\t\t<div class=\"elementor-column elementor-col-100 elementor-top-column elementor-element elementor-element-52a1092\" data-id=\"52a1092\" data-element_type=\"column\" data-e-type=\"column\">\n\t\t\t<div class=\"elementor-widget-wrap elementor-element-populated\">\n\t\t\t\t\t\t<section class=\"elementor-section elementor-inner-section elementor-element elementor-element-3b87710 elementor-section-boxed elementor-section-height-default elementor-section-height-default\" data-id=\"3b87710\" data-element_type=\"section\" data-e-type=\"section\">\n\t\t\t\t\t\t<div class=\"elementor-container elementor-column-gap-default\">\n\t\t\t\t\t<div class=\"elementor-column elementor-col-100 elementor-inner-column elementor-element elementor-element-d1bf359\" data-id=\"d1bf359\" data-element_type=\"column\" data-e-type=\"column\">\n\t\t\t<div class=\"elementor-widget-wrap elementor-element-populated\">\n\t\t\t\t\t\t<div class=\"elementor-element elementor-element-068251d hl1 elementor-widget elementor-widget-text-editor\" data-id=\"068251d\" data-element_type=\"widget\" data-e-type=\"widget\" data-widget_type=\"text-editor.default\">\n\t\t\t\t<div class=\"elementor-widget-container\">\n\t\t\t\t\t\t\t\t\t<h1>Mentions l\u00e9gales<\/h1>\t\t\t\t\t\t\t\t<\/div>\n\t\t\t\t<\/div>\n\t\t\t\t\t<\/div>\n\t\t<\/div>\n\t\t\t\t\t<\/div>\n\t\t<\/section>\n\t\t\t\t\t<\/div>\n\t\t<\/div>\n\t\t\t\t\t<\/div>\n\t\t<\/section>\n\t\t\t\t<section class=\"elementor-section elementor-top-section elementor-element elementor-element-61fc4ebc padding-20 elementor-section-full_width elementor-section-height-default elementor-section-height-default\" data-id=\"61fc4ebc\" data-element_type=\"section\" data-e-type=\"section\" id=\"padding-20\">\n\t\t\t\t\t\t<div class=\"elementor-container elementor-column-gap-default\">\n\t\t\t\t\t<div class=\"elementor-column elementor-col-100 elementor-top-column elementor-element elementor-element-4a513b75\" data-id=\"4a513b75\" data-element_type=\"column\" data-e-type=\"column\">\n\t\t\t<div class=\"elementor-widget-wrap elementor-element-populated\">\n\t\t\t\t\t\t<div class=\"elementor-element elementor-element-73f604a2 padd-20 elementor-widget elementor-widget-spacer\" data-id=\"73f604a2\" data-element_type=\"widget\" data-e-type=\"widget\" data-widget_type=\"spacer.default\">\n\t\t\t\t<div class=\"elementor-widget-container\">\n\t\t\t\t\t\t\t<div class=\"elementor-spacer\">\n\t\t\t<div class=\"elementor-spacer-inner\"><\/div>\n\t\t<\/div>\n\t\t\t\t\t\t<\/div>\n\t\t\t\t<\/div>\n\t\t\t\t\t<\/div>\n\t\t<\/div>\n\t\t\t\t\t<\/div>\n\t\t<\/section>\n\t\t\t\t<section class=\"elementor-section elementor-top-section elementor-element elementor-element-7aa8303 elementor-section-full_width elementor-section-height-default elementor-section-height-default\" data-id=\"7aa8303\" data-element_type=\"section\" data-e-type=\"section\">\n\t\t\t\t\t\t<div class=\"elementor-container elementor-column-gap-default\">\n\t\t\t\t\t<div class=\"elementor-column elementor-col-100 elementor-top-column elementor-element elementor-element-9560cf0\" data-id=\"9560cf0\" data-element_type=\"column\" data-e-type=\"column\">\n\t\t\t<div class=\"elementor-widget-wrap elementor-element-populated\">\n\t\t\t\t\t\t<section class=\"elementor-section elementor-inner-section elementor-element elementor-element-90ae8cf elementor-section-boxed elementor-section-height-default elementor-section-height-default\" data-id=\"90ae8cf\" data-element_type=\"section\" data-e-type=\"section\">\n\t\t\t\t\t\t<div class=\"elementor-container elementor-column-gap-default\">\n\t\t\t\t\t<div class=\"elementor-column elementor-col-100 elementor-inner-column elementor-element elementor-element-8cd7cd1\" data-id=\"8cd7cd1\" data-element_type=\"column\" data-e-type=\"column\">\n\t\t\t<div class=\"elementor-widget-wrap elementor-element-populated\">\n\t\t\t\t\t\t<div class=\"elementor-element elementor-element-4be102a elementor-widget elementor-widget-text-editor\" data-id=\"4be102a\" data-element_type=\"widget\" data-e-type=\"widget\" data-widget_type=\"text-editor.default\">\n\t\t\t\t<div class=\"elementor-widget-container\">\n\t\t\t\t\t\t\t\t\t<p><strong>Ocean Yachting GmbH<\/strong><\/p><p>Immengarten 10b<br>30926 Seelze &#8211; Hanovre<\/p><p>T\u00e9l. : +49 511 37 36 37 35<\/p><p>info@ocean-yachting.de<\/p><p>www.ocean-yachting.de<\/p><p>G\u00e9rant autoris\u00e9 \u00e0 repr\u00e9senter l&rsquo;entreprise : Simon M\u00f6bus<\/p><p>Responsable du contenu conform\u00e9ment au \u00a710 alin\u00e9a 3 MDStV : Simon M\u00f6bus<\/p><p>Tribunal d&rsquo;enregistrement : Tribunal d&rsquo;instance de Hanovre<br>Num\u00e9ro d&rsquo;enregistrement : HRB 228072<br>Num\u00e9ro d&rsquo;identification de la taxe sur le chiffre d&rsquo;affaires : DE450389065<\/p><p>Efficacit\u00e9 juridique<\/p><p>En visitant le site Internet d&rsquo;Ocean Yachting, vous acceptez les dispositions de notre clause de non-responsabilit\u00e9. Si des parties ou certaines formulations de cette exclusion de responsabilit\u00e9 ne correspondent pas, plus ou pas compl\u00e8tement \u00e0 la situation juridique en vigueur, cela n&rsquo;affecte pas la validit\u00e9 des autres dispositions. <\/p><p>Sous r\u00e9serve de diff\u00e9rences dans la repr\u00e9sentation des yachts sur les photographies, les dessins de mise en page ou les rendus ainsi que dans la repr\u00e9sentation et la mention textuelle des d\u00e9tails d&rsquo;\u00e9quipement. Les erreurs et les modifications de prix sont \u00e9galement r\u00e9serv\u00e9es. Veuillez toujours nous demander les d\u00e9tails d&rsquo;\u00e9quipement actuels et les listes de prix originales des yachts.  <\/p>\t\t\t\t\t\t\t\t<\/div>\n\t\t\t\t<\/div>\n\t\t\t\t<div class=\"elementor-element elementor-element-b259fb7 elementor-widget elementor-widget-text-editor\" data-id=\"b259fb7\" data-element_type=\"widget\" data-e-type=\"widget\" data-widget_type=\"text-editor.default\">\n\t\t\t\t<div class=\"elementor-widget-container\">\n\t\t\t\t\t\t\t\t\t<h2>R\u00e9f\u00e9rences de la canne<\/h2><p>https:\/\/ocean-yachting.de\/kontakt\/ &#8211; Adobe Stock &#8211; 801084326, 31472703<\/p><p>https:\/\/ocean-yachting.de\/team\/ &#8211; Adobe Stock &#8211; 31400392, 499796104, 527286221<\/p><p>https:\/\/ocean-yachting.de\/ueber-uns\/ &#8211; Adobe Stock &#8211; 711832323<\/p>\t\t\t\t\t\t\t\t<\/div>\n\t\t\t\t<\/div>\n\t\t\t\t\t<\/div>\n\t\t<\/div>\n\t\t\t\t\t<\/div>\n\t\t<\/section>\n\t\t\t\t\t<\/div>\n\t\t<\/div>\n\t\t\t\t\t<\/div>\n\t\t<\/section>\n\t\t\t\t<section class=\"elementor-section elementor-top-section elementor-element elementor-element-30d37318 padding-80 elementor-section-full_width elementor-section-height-default elementor-section-height-default\" data-id=\"30d37318\" data-element_type=\"section\" data-e-type=\"section\" id=\"padding-80\">\n\t\t\t\t\t\t<div class=\"elementor-container elementor-column-gap-default\">\n\t\t\t\t\t<div class=\"elementor-column elementor-col-100 elementor-top-column elementor-element elementor-element-26a61635\" data-id=\"26a61635\" data-element_type=\"column\" data-e-type=\"column\">\n\t\t\t<div class=\"elementor-widget-wrap elementor-element-populated\">\n\t\t\t\t\t\t<div class=\"elementor-element elementor-element-3b551c19 padd-80 elementor-widget elementor-widget-spacer\" data-id=\"3b551c19\" data-element_type=\"widget\" data-e-type=\"widget\" data-widget_type=\"spacer.default\">\n\t\t\t\t<div class=\"elementor-widget-container\">\n\t\t\t\t\t\t\t<div class=\"elementor-spacer\">\n\t\t\t<div class=\"elementor-spacer-inner\"><\/div>\n\t\t<\/div>\n\t\t\t\t\t\t<\/div>\n\t\t\t\t<\/div>\n\t\t\t\t\t<\/div>\n\t\t<\/div>\n\t\t\t\t\t<\/div>\n\t\t<\/section>\n\t\t\t\t<\/div>\n\t\t","protected":false},"excerpt":{"rendered":"<p>Mentions l\u00e9gales Ocean Yachting GmbH Immengarten 10b30926 Seelze &#8211; Hanovre T\u00e9l. : +49 511 37 36 37 35 info@ocean-yachting.de www.ocean-yachting.de G\u00e9rant autoris\u00e9 \u00e0 repr\u00e9senter l&rsquo;entreprise : Simon M\u00f6bus Responsable du contenu conform\u00e9ment au \u00a710 alin\u00e9a 3 MDStV : Simon M\u00f6bus Tribunal d&rsquo;enregistrement : Tribunal d&rsquo;instance de HanovreNum\u00e9ro d&rsquo;enregistrement : HRB 228072Num\u00e9ro d&rsquo;identification de la taxe [&hellip;]<\/p>\n","protected":false},"author":10,"featured_media":0,"parent":0,"menu_order":0,"comment_status":"closed","ping_status":"closed","template":"elementor_header_footer","meta":{"_acf_changed":false,"footnotes":""},"class_list":["post-7437","page","type-page","status-publish","hentry"],"acf":[],"yoast_head":"<!-- This site is optimized with the Yoast SEO plugin v27.2 - https:\/\/yoast.com\/product\/yoast-seo-wordpress\/ -->\n<title>Mentions l\u00e9gales - ocean-yachting.de<\/title>\n<meta name=\"description\" content=\"Ocean Yachting GmbH - Les mentions l\u00e9gales de votre partenaire pour les bateaux et yachts exclusifs Cranchi made in Italy\" \/>\n<meta name=\"robots\" content=\"index, follow, max-snippet:-1, max-image-preview:large, max-video-preview:-1\" \/>\n<link rel=\"canonical\" href=\"https:\/\/ocean-yachting.de\/fr\/mentions-legales\/\" \/>\n<meta property=\"og:locale\" content=\"fr_FR\" \/>\n<meta property=\"og:type\" content=\"article\" \/>\n<meta property=\"og:title\" content=\"Mentions l\u00e9gales - ocean-yachting.de\" \/>\n<meta property=\"og:description\" content=\"Ocean Yachting GmbH - Les mentions l\u00e9gales de votre partenaire pour les bateaux et yachts exclusifs Cranchi made in Italy\" \/>\n<meta property=\"og:url\" content=\"https:\/\/ocean-yachting.de\/fr\/mentions-legales\/\" \/>\n<meta property=\"og:site_name\" content=\"ocean-yachting.de\" \/>\n<meta property=\"article:modified_time\" content=\"2025-10-13T12:58:53+00:00\" \/>\n<meta name=\"twitter:card\" content=\"summary_large_image\" \/>\n<meta name=\"twitter:label1\" content=\"Dur\u00e9e de lecture estim\u00e9e\" \/>\n\t<meta name=\"twitter:data1\" content=\"1 minute\" \/>\n<script type=\"application\/ld+json\" class=\"yoast-schema-graph\">{\"@context\":\"https:\/\/schema.org\",\"@graph\":[{\"@type\":\"WebPage\",\"@id\":\"https:\/\/ocean-yachting.de\/fr\/mentions-legales\/\",\"url\":\"https:\/\/ocean-yachting.de\/fr\/mentions-legales\/\",\"name\":\"Mentions l\u00e9gales - ocean-yachting.de\",\"isPartOf\":{\"@id\":\"https:\/\/ocean-yachting.de\/fr\/#website\"},\"datePublished\":\"2023-10-27T07:41:58+00:00\",\"dateModified\":\"2025-10-13T12:58:53+00:00\",\"description\":\"Ocean Yachting GmbH - Les mentions l\u00e9gales de votre partenaire pour les bateaux et yachts exclusifs Cranchi made in Italy\",\"breadcrumb\":{\"@id\":\"https:\/\/ocean-yachting.de\/fr\/mentions-legales\/#breadcrumb\"},\"inLanguage\":\"fr-FR\",\"potentialAction\":[{\"@type\":\"ReadAction\",\"target\":[\"https:\/\/ocean-yachting.de\/fr\/mentions-legales\/\"]}]},{\"@type\":\"BreadcrumbList\",\"@id\":\"https:\/\/ocean-yachting.de\/fr\/mentions-legales\/#breadcrumb\",\"itemListElement\":[{\"@type\":\"ListItem\",\"position\":1,\"name\":\"Startseite\",\"item\":\"https:\/\/ocean-yachting.de\/fr\/page-daccueil\/\"},{\"@type\":\"ListItem\",\"position\":2,\"name\":\"Mentions l\u00e9gales\"}]},{\"@type\":\"WebSite\",\"@id\":\"https:\/\/ocean-yachting.de\/fr\/#website\",\"url\":\"https:\/\/ocean-yachting.de\/fr\/\",\"name\":\"ocean-yachting.de\",\"description\":\"\",\"publisher\":{\"@id\":\"https:\/\/ocean-yachting.de\/fr\/#organization\"},\"potentialAction\":[{\"@type\":\"SearchAction\",\"target\":{\"@type\":\"EntryPoint\",\"urlTemplate\":\"https:\/\/ocean-yachting.de\/fr\/?s={search_term_string}\"},\"query-input\":{\"@type\":\"PropertyValueSpecification\",\"valueRequired\":true,\"valueName\":\"search_term_string\"}}],\"inLanguage\":\"fr-FR\"},{\"@type\":\"Organization\",\"@id\":\"https:\/\/ocean-yachting.de\/fr\/#organization\",\"name\":\"Ocean Yachting GmbH\",\"url\":\"https:\/\/ocean-yachting.de\/fr\/\",\"logo\":{\"@type\":\"ImageObject\",\"inLanguage\":\"fr-FR\",\"@id\":\"https:\/\/ocean-yachting.de\/fr\/#\/schema\/logo\/image\/\",\"url\":\"https:\/\/ocean-yachting.de\/wp-content\/uploads\/2022\/02\/ocean-yachting-logo.webp\",\"contentUrl\":\"https:\/\/ocean-yachting.de\/wp-content\/uploads\/2022\/02\/ocean-yachting-logo.webp\",\"width\":260,\"height\":57,\"caption\":\"Ocean Yachting GmbH\"},\"image\":{\"@id\":\"https:\/\/ocean-yachting.de\/fr\/#\/schema\/logo\/image\/\"}}]}<\/script>\n<!-- \/ Yoast SEO plugin. -->","yoast_head_json":{"title":"Mentions l\u00e9gales - ocean-yachting.de","description":"Ocean Yachting GmbH - Les mentions l\u00e9gales de votre partenaire pour les bateaux et yachts exclusifs Cranchi made in Italy","robots":{"index":"index","follow":"follow","max-snippet":"max-snippet:-1","max-image-preview":"max-image-preview:large","max-video-preview":"max-video-preview:-1"},"canonical":"https:\/\/ocean-yachting.de\/fr\/mentions-legales\/","og_locale":"fr_FR","og_type":"article","og_title":"Mentions l\u00e9gales - ocean-yachting.de","og_description":"Ocean Yachting GmbH - Les mentions l\u00e9gales de votre partenaire pour les bateaux et yachts exclusifs Cranchi made in Italy","og_url":"https:\/\/ocean-yachting.de\/fr\/mentions-legales\/","og_site_name":"ocean-yachting.de","article_modified_time":"2025-10-13T12:58:53+00:00","twitter_card":"summary_large_image","twitter_misc":{"Dur\u00e9e de lecture estim\u00e9e":"1 minute"},"schema":{"@context":"https:\/\/schema.org","@graph":[{"@type":"WebPage","@id":"https:\/\/ocean-yachting.de\/fr\/mentions-legales\/","url":"https:\/\/ocean-yachting.de\/fr\/mentions-legales\/","name":"Mentions l\u00e9gales - ocean-yachting.de","isPartOf":{"@id":"https:\/\/ocean-yachting.de\/fr\/#website"},"datePublished":"2023-10-27T07:41:58+00:00","dateModified":"2025-10-13T12:58:53+00:00","description":"Ocean Yachting GmbH - Les mentions l\u00e9gales de votre partenaire pour les bateaux et yachts exclusifs Cranchi made in Italy","breadcrumb":{"@id":"https:\/\/ocean-yachting.de\/fr\/mentions-legales\/#breadcrumb"},"inLanguage":"fr-FR","potentialAction":[{"@type":"ReadAction","target":["https:\/\/ocean-yachting.de\/fr\/mentions-legales\/"]}]},{"@type":"BreadcrumbList","@id":"https:\/\/ocean-yachting.de\/fr\/mentions-legales\/#breadcrumb","itemListElement":[{"@type":"ListItem","position":1,"name":"Startseite","item":"https:\/\/ocean-yachting.de\/fr\/page-daccueil\/"},{"@type":"ListItem","position":2,"name":"Mentions l\u00e9gales"}]},{"@type":"WebSite","@id":"https:\/\/ocean-yachting.de\/fr\/#website","url":"https:\/\/ocean-yachting.de\/fr\/","name":"ocean-yachting.de","description":"","publisher":{"@id":"https:\/\/ocean-yachting.de\/fr\/#organization"},"potentialAction":[{"@type":"SearchAction","target":{"@type":"EntryPoint","urlTemplate":"https:\/\/ocean-yachting.de\/fr\/?s={search_term_string}"},"query-input":{"@type":"PropertyValueSpecification","valueRequired":true,"valueName":"search_term_string"}}],"inLanguage":"fr-FR"},{"@type":"Organization","@id":"https:\/\/ocean-yachting.de\/fr\/#organization","name":"Ocean Yachting GmbH","url":"https:\/\/ocean-yachting.de\/fr\/","logo":{"@type":"ImageObject","inLanguage":"fr-FR","@id":"https:\/\/ocean-yachting.de\/fr\/#\/schema\/logo\/image\/","url":"https:\/\/ocean-yachting.de\/wp-content\/uploads\/2022\/02\/ocean-yachting-logo.webp","contentUrl":"https:\/\/ocean-yachting.de\/wp-content\/uploads\/2022\/02\/ocean-yachting-logo.webp","width":260,"height":57,"caption":"Ocean Yachting GmbH"},"image":{"@id":"https:\/\/ocean-yachting.de\/fr\/#\/schema\/logo\/image\/"}}]}},"_links":{"self":[{"href":"https:\/\/ocean-yachting.de\/fr\/wp-json\/wp\/v2\/pages\/7437","targetHints":{"allow":["GET"]}}],"collection":[{"href":"https:\/\/ocean-yachting.de\/fr\/wp-json\/wp\/v2\/pages"}],"about":[{"href":"https:\/\/ocean-yachting.de\/fr\/wp-json\/wp\/v2\/types\/page"}],"author":[{"embeddable":true,"href":"https:\/\/ocean-yachting.de\/fr\/wp-json\/wp\/v2\/users\/10"}],"replies":[{"embeddable":true,"href":"https:\/\/ocean-yachting.de\/fr\/wp-json\/wp\/v2\/comments?post=7437"}],"version-history":[{"count":1,"href":"https:\/\/ocean-yachting.de\/fr\/wp-json\/wp\/v2\/pages\/7437\/revisions"}],"predecessor-version":[{"id":7438,"href":"https:\/\/ocean-yachting.de\/fr\/wp-json\/wp\/v2\/pages\/7437\/revisions\/7438"}],"wp:attachment":[{"href":"https:\/\/ocean-yachting.de\/fr\/wp-json\/wp\/v2\/media?parent=7437"}],"curies":[{"name":"wp","href":"https:\/\/api.w.org\/{rel}","templated":true}]}}