{"id":7496,"date":"2024-09-05T12:11:34","date_gmt":"2024-09-05T10:11:34","guid":{"rendered":"https:\/\/ocean-yachting.de\/barche-da-rimessaggio\/"},"modified":"2025-04-24T15:02:56","modified_gmt":"2025-04-24T13:02:56","slug":"barche-da-rimessaggio","status":"publish","type":"page","link":"https:\/\/ocean-yachting.de\/it\/barche-da-rimessaggio\/","title":{"rendered":"Barche da rimessaggio"},"content":{"rendered":"\t\t<div data-elementor-type=\"wp-page\" data-elementor-id=\"7496\" class=\"elementor elementor-7496 elementor-751\" data-elementor-post-type=\"page\">\n\t\t\t\t\t\t<section class=\"elementor-section elementor-top-section elementor-element elementor-element-456179a8 elementor-section-full_width elementor-section-height-full p-clean-h-v26-1 elementor-section-items-bottom elementor-section-height-default\" data-id=\"456179a8\" data-element_type=\"section\" data-e-type=\"section\" id=\"p-clean-h-v26-1\" data-settings=\"{&quot;background_background&quot;:&quot;classic&quot;}\">\n\t\t\t\t\t\t<div class=\"elementor-container elementor-column-gap-default\">\n\t\t\t\t\t<div class=\"elementor-column elementor-col-100 elementor-top-column elementor-element elementor-element-7ec2eeef\" data-id=\"7ec2eeef\" data-element_type=\"column\" data-e-type=\"column\">\n\t\t\t<div class=\"elementor-widget-wrap elementor-element-populated\">\n\t\t\t\t\t\t<section class=\"elementor-section elementor-inner-section elementor-element elementor-element-244438a8 inn-1 elementor-section-boxed elementor-section-height-default elementor-section-height-default\" data-id=\"244438a8\" data-element_type=\"section\" data-e-type=\"section\">\n\t\t\t\t\t\t<div class=\"elementor-container elementor-column-gap-default\">\n\t\t\t\t\t<div class=\"elementor-column elementor-col-66 elementor-inner-column elementor-element elementor-element-c83cef0 col21\" data-id=\"c83cef0\" data-element_type=\"column\" data-e-type=\"column\">\n\t\t\t<div class=\"elementor-widget-wrap elementor-element-populated\">\n\t\t\t\t\t\t<div class=\"elementor-element elementor-element-5262be2 hl1 whitetext elementor-widget elementor-widget-text-editor\" data-id=\"5262be2\" data-element_type=\"widget\" data-e-type=\"widget\" data-widget_type=\"text-editor.default\">\n\t\t\t\t<div class=\"elementor-widget-container\">\n\t\t\t\t\t\t\t\t\t<p>Barche di rimessaggio<\/p>\t\t\t\t\t\t\t\t<\/div>\n\t\t\t\t<\/div>\n\t\t\t\t\t<\/div>\n\t\t<\/div>\n\t\t\t\t<div class=\"elementor-column elementor-col-33 elementor-inner-column elementor-element elementor-element-56ab4055 col22\" data-id=\"56ab4055\" data-element_type=\"column\" data-e-type=\"column\">\n\t\t\t<div class=\"elementor-widget-wrap\">\n\t\t\t\t\t\t\t<\/div>\n\t\t<\/div>\n\t\t\t\t\t<\/div>\n\t\t<\/section>\n\t\t\t\t<section class=\"elementor-section elementor-inner-section elementor-element elementor-element-91819ec inn-2 l-s elementor-section-boxed elementor-section-height-default elementor-section-height-default\" data-id=\"91819ec\" data-element_type=\"section\" data-e-type=\"section\">\n\t\t\t\t\t\t<div class=\"elementor-container elementor-column-gap-default\">\n\t\t\t\t\t<div class=\"elementor-column elementor-col-100 elementor-inner-column elementor-element elementor-element-fa4ad11\" data-id=\"fa4ad11\" data-element_type=\"column\" data-e-type=\"column\">\n\t\t\t<div class=\"elementor-widget-wrap elementor-element-populated\">\n\t\t\t\t\t\t<div class=\"elementor-element elementor-element-2b23bfb6 btn-ci1 mf-trigger elementor-widget elementor-widget-button\" data-id=\"2b23bfb6\" data-element_type=\"widget\" data-e-type=\"widget\" data-widget_type=\"button.default\">\n\t\t\t\t<div class=\"elementor-widget-container\">\n\t\t\t\t\t\t\t\t\t<div class=\"elementor-button-wrapper\">\n\t\t\t\t\t<a class=\"elementor-button elementor-size-sm\" role=\"button\">\n\t\t\t\t\t\t<span class=\"elementor-button-content-wrapper\">\n\t\t\t\t\t\t\t\t\t<span class=\"elementor-button-text\">Prima consulenza senza impegno<\/span>\n\t\t\t\t\t<\/span>\n\t\t\t\t\t<\/a>\n\t\t\t\t<\/div>\n\t\t\t\t\t\t\t\t<\/div>\n\t\t\t\t<\/div>\n\t\t\t\t\t<\/div>\n\t\t<\/div>\n\t\t\t\t\t<\/div>\n\t\t<\/section>\n\t\t\t\t\t<\/div>\n\t\t<\/div>\n\t\t\t\t\t<\/div>\n\t\t<\/section>\n\t\t\t\t<section class=\"elementor-section elementor-top-section elementor-element elementor-element-3f02483f padding-100  elementor-section-full_width elementor-section-height-default elementor-section-height-default\" data-id=\"3f02483f\" data-element_type=\"section\" data-e-type=\"section\" id=\"padding-100\">\n\t\t\t\t\t\t<div class=\"elementor-container elementor-column-gap-default\">\n\t\t\t\t\t<div class=\"elementor-column elementor-col-100 elementor-top-column elementor-element elementor-element-5eda7f84\" data-id=\"5eda7f84\" data-element_type=\"column\" data-e-type=\"column\">\n\t\t\t<div class=\"elementor-widget-wrap elementor-element-populated\">\n\t\t\t\t\t\t<div class=\"elementor-element elementor-element-539d0d39 padd-100 elementor-widget elementor-widget-spacer\" data-id=\"539d0d39\" data-element_type=\"widget\" data-e-type=\"widget\" data-widget_type=\"spacer.default\">\n\t\t\t\t<div class=\"elementor-widget-container\">\n\t\t\t\t\t\t\t<div class=\"elementor-spacer\">\n\t\t\t<div class=\"elementor-spacer-inner\"><\/div>\n\t\t<\/div>\n\t\t\t\t\t\t<\/div>\n\t\t\t\t<\/div>\n\t\t\t\t\t<\/div>\n\t\t<\/div>\n\t\t\t\t\t<\/div>\n\t\t<\/section>\n\t\t\t\t<section class=\"elementor-section elementor-top-section elementor-element elementor-element-4fdb0551 p-clean-hl1-v1-1  elementor-section-full_width elementor-section-height-default elementor-section-height-default\" data-id=\"4fdb0551\" data-element_type=\"section\" data-e-type=\"section\" id=\"p-clean-hl1-v1-1\">\n\t\t\t\t\t\t<div class=\"elementor-container elementor-column-gap-default\">\n\t\t\t\t\t<div class=\"elementor-column elementor-col-100 elementor-top-column elementor-element elementor-element-233c1929\" data-id=\"233c1929\" data-element_type=\"column\" data-e-type=\"column\">\n\t\t\t<div class=\"elementor-widget-wrap elementor-element-populated\">\n\t\t\t\t\t\t<section class=\"elementor-section elementor-inner-section elementor-element elementor-element-70caa451 elementor-section-boxed elementor-section-height-default elementor-section-height-default\" data-id=\"70caa451\" data-element_type=\"section\" data-e-type=\"section\">\n\t\t\t\t\t\t<div class=\"elementor-container elementor-column-gap-default\">\n\t\t\t\t\t<div class=\"elementor-column elementor-col-100 elementor-inner-column elementor-element elementor-element-d56334a\" data-id=\"d56334a\" data-element_type=\"column\" data-e-type=\"column\">\n\t\t\t<div class=\"elementor-widget-wrap elementor-element-populated\">\n\t\t\t\t\t\t<div class=\"elementor-element elementor-element-233ad51 hl1 elementor-widget elementor-widget-text-editor\" data-id=\"233ad51\" data-element_type=\"widget\" data-e-type=\"widget\" data-widget_type=\"text-editor.default\">\n\t\t\t\t<div class=\"elementor-widget-container\">\n\t\t\t\t\t\t\t\t\t<h1>La vostra barca perfetta per il rimessaggio vi sta aspettando<\/h1>\t\t\t\t\t\t\t\t<\/div>\n\t\t\t\t<\/div>\n\t\t\t\t\t<\/div>\n\t\t<\/div>\n\t\t\t\t\t<\/div>\n\t\t<\/section>\n\t\t\t\t\t<\/div>\n\t\t<\/div>\n\t\t\t\t\t<\/div>\n\t\t<\/section>\n\t\t\t\t<section class=\"elementor-section elementor-top-section elementor-element elementor-element-55643a8e padding-60  elementor-section-full_width elementor-section-height-default elementor-section-height-default\" data-id=\"55643a8e\" data-element_type=\"section\" data-e-type=\"section\" id=\"padding-60\">\n\t\t\t\t\t\t<div class=\"elementor-container elementor-column-gap-default\">\n\t\t\t\t\t<div class=\"elementor-column elementor-col-100 elementor-top-column elementor-element elementor-element-24f33a7e\" data-id=\"24f33a7e\" data-element_type=\"column\" data-e-type=\"column\">\n\t\t\t<div class=\"elementor-widget-wrap elementor-element-populated\">\n\t\t\t\t\t\t<div class=\"elementor-element elementor-element-1f2d287c padd-60 elementor-widget elementor-widget-spacer\" data-id=\"1f2d287c\" data-element_type=\"widget\" data-e-type=\"widget\" data-widget_type=\"spacer.default\">\n\t\t\t\t<div class=\"elementor-widget-container\">\n\t\t\t\t\t\t\t<div class=\"elementor-spacer\">\n\t\t\t<div class=\"elementor-spacer-inner\"><\/div>\n\t\t<\/div>\n\t\t\t\t\t\t<\/div>\n\t\t\t\t<\/div>\n\t\t\t\t\t<\/div>\n\t\t<\/div>\n\t\t\t\t\t<\/div>\n\t\t<\/section>\n\t\t\t\t<section class=\"elementor-section elementor-top-section elementor-element elementor-element-4db2d83a p-clean-co-v2-1 bac elementor-section-full_width elementor-section-height-default elementor-section-height-default\" data-id=\"4db2d83a\" data-element_type=\"section\" data-e-type=\"section\" id=\"p-clean-co-v2-1\">\n\t\t\t\t\t\t<div class=\"elementor-container elementor-column-gap-default\">\n\t\t\t\t\t<div class=\"elementor-column elementor-col-100 elementor-top-column elementor-element elementor-element-2d34663d\" data-id=\"2d34663d\" data-element_type=\"column\" data-e-type=\"column\">\n\t\t\t<div class=\"elementor-widget-wrap elementor-element-populated\">\n\t\t\t\t\t\t<section class=\"elementor-section elementor-inner-section elementor-element elementor-element-54380965 elementor-section-boxed elementor-section-height-default elementor-section-height-default\" data-id=\"54380965\" data-element_type=\"section\" data-e-type=\"section\">\n\t\t\t\t\t\t<div class=\"elementor-container elementor-column-gap-default\">\n\t\t\t\t\t<div class=\"elementor-column elementor-col-100 elementor-inner-column elementor-element elementor-element-4144d1da\" data-id=\"4144d1da\" data-element_type=\"column\" data-e-type=\"column\">\n\t\t\t<div class=\"elementor-widget-wrap elementor-element-populated\">\n\t\t\t\t\t\t<div class=\"elementor-element elementor-element-2c64117e elementor-widget elementor-widget-text-editor\" data-id=\"2c64117e\" data-element_type=\"widget\" data-e-type=\"widget\" data-widget_type=\"text-editor.default\">\n\t\t\t\t<div class=\"elementor-widget-container\">\n\t\t\t\t\t\t\t\t\t<p>Scoprite la nostra selezione di barche da rimessaggio di alta qualit\u00e0 in varie dimensioni! Approfittate della nostra consulenza e del nostro servizio clienti di prima classe per trovare la vostra barca perfetta. <\/p>\t\t\t\t\t\t\t\t<\/div>\n\t\t\t\t<\/div>\n\t\t\t\t\t<\/div>\n\t\t<\/div>\n\t\t\t\t\t<\/div>\n\t\t<\/section>\n\t\t\t\t\t<\/div>\n\t\t<\/div>\n\t\t\t\t\t<\/div>\n\t\t<\/section>\n\t\t\t\t<section class=\"elementor-section elementor-top-section elementor-element elementor-element-bfea0f6 padding-60  elementor-section-full_width elementor-section-height-default elementor-section-height-default\" data-id=\"bfea0f6\" data-element_type=\"section\" data-e-type=\"section\">\n\t\t\t\t\t\t<div class=\"elementor-container elementor-column-gap-default\">\n\t\t\t\t\t<div class=\"elementor-column elementor-col-100 elementor-top-column elementor-element elementor-element-a13944b\" data-id=\"a13944b\" data-element_type=\"column\" data-e-type=\"column\">\n\t\t\t<div class=\"elementor-widget-wrap elementor-element-populated\">\n\t\t\t\t\t\t<div class=\"elementor-element elementor-element-709282d padd-60 elementor-widget elementor-widget-spacer\" data-id=\"709282d\" data-element_type=\"widget\" data-e-type=\"widget\" data-widget_type=\"spacer.default\">\n\t\t\t\t<div class=\"elementor-widget-container\">\n\t\t\t\t\t\t\t<div class=\"elementor-spacer\">\n\t\t\t<div class=\"elementor-spacer-inner\"><\/div>\n\t\t<\/div>\n\t\t\t\t\t\t<\/div>\n\t\t\t\t<\/div>\n\t\t\t\t\t<\/div>\n\t\t<\/div>\n\t\t\t\t\t<\/div>\n\t\t<\/section>\n\t\t\t\t<section class=\"elementor-section elementor-top-section elementor-element elementor-element-1029dec elementor-section-full_width elementor-section-height-default elementor-section-height-default\" data-id=\"1029dec\" data-element_type=\"section\" data-e-type=\"section\">\n\t\t\t\t\t\t<div class=\"elementor-container elementor-column-gap-default\">\n\t\t\t\t\t<div class=\"elementor-column elementor-col-100 elementor-top-column elementor-element elementor-element-f6cc7be\" data-id=\"f6cc7be\" data-element_type=\"column\" data-e-type=\"column\">\n\t\t\t<div class=\"elementor-widget-wrap elementor-element-populated\">\n\t\t\t\t\t\t<section class=\"elementor-section elementor-inner-section elementor-element elementor-element-6810121 elementor-section-boxed elementor-section-height-default elementor-section-height-default\" data-id=\"6810121\" data-element_type=\"section\" data-e-type=\"section\">\n\t\t\t\t\t\t<div class=\"elementor-container elementor-column-gap-default\">\n\t\t\t\t\t<div class=\"elementor-column elementor-col-100 elementor-inner-column elementor-element elementor-element-55eb6f6\" data-id=\"55eb6f6\" data-element_type=\"column\" data-e-type=\"column\">\n\t\t\t<div class=\"elementor-widget-wrap elementor-element-populated\">\n\t\t\t\t\t\t<div class=\"elementor-element elementor-element-2557ae1 elementor-widget elementor-widget-html\" data-id=\"2557ae1\" data-element_type=\"widget\" data-e-type=\"widget\" data-widget_type=\"html.default\">\n\t\t\t\t<div class=\"elementor-widget-container\">\n\t\t\t\t\t<!-- Boatvertizer Embed Inserate -->\n\n<div id=\"boatvertizer\" data-token=\"13dff6c95923d4a531f1b7e3195ac499\" data-language=\"de\"><\/div>\n\n<script src=\"https:\/\/embed.boatvertizer.com\/v1\/loader.js\"><\/script>\t\t\t\t<\/div>\n\t\t\t\t<\/div>\n\t\t\t\t\t<\/div>\n\t\t<\/div>\n\t\t\t\t\t<\/div>\n\t\t<\/section>\n\t\t\t\t\t<\/div>\n\t\t<\/div>\n\t\t\t\t\t<\/div>\n\t\t<\/section>\n\t\t\t\t<section class=\"elementor-section elementor-top-section elementor-element elementor-element-e26e703 padding-100  elementor-section-full_width elementor-section-height-default elementor-section-height-default\" data-id=\"e26e703\" data-element_type=\"section\" data-e-type=\"section\">\n\t\t\t\t\t\t<div class=\"elementor-container elementor-column-gap-default\">\n\t\t\t\t\t<div class=\"elementor-column elementor-col-100 elementor-top-column elementor-element elementor-element-66cc5ec\" data-id=\"66cc5ec\" data-element_type=\"column\" data-e-type=\"column\">\n\t\t\t<div class=\"elementor-widget-wrap elementor-element-populated\">\n\t\t\t\t\t\t<div class=\"elementor-element elementor-element-615b7bc padd-100 elementor-widget elementor-widget-spacer\" data-id=\"615b7bc\" data-element_type=\"widget\" data-e-type=\"widget\" data-widget_type=\"spacer.default\">\n\t\t\t\t<div class=\"elementor-widget-container\">\n\t\t\t\t\t\t\t<div class=\"elementor-spacer\">\n\t\t\t<div class=\"elementor-spacer-inner\"><\/div>\n\t\t<\/div>\n\t\t\t\t\t\t<\/div>\n\t\t\t\t<\/div>\n\t\t\t\t\t<\/div>\n\t\t<\/div>\n\t\t\t\t\t<\/div>\n\t\t<\/section>\n\t\t\t\t<\/div>\n\t\t","protected":false},"excerpt":{"rendered":"<p>Barche di rimessaggio Prima consulenza senza impegno La vostra barca perfetta per il rimessaggio vi sta aspettando Scoprite la nostra selezione di barche da rimessaggio di alta qualit\u00e0 in varie dimensioni! Approfittate della nostra consulenza e del nostro servizio clienti di prima classe per trovare la vostra barca perfetta.<\/p>\n","protected":false},"author":3,"featured_media":0,"parent":0,"menu_order":0,"comment_status":"closed","ping_status":"closed","template":"elementor_header_footer","meta":{"_acf_changed":false,"footnotes":""},"class_list":["post-7496","page","type-page","status-publish","hentry"],"acf":[],"yoast_head":"<!-- This site is optimized with the Yoast SEO plugin v27.4 - https:\/\/yoast.com\/product\/yoast-seo-wordpress\/ -->\n<title>Offerte interessanti per barche da rimessaggio<\/title>\n<meta name=\"description\" content=\"Scegliete tra una variet\u00e0 di modelli di alta qualit\u00e0, perfetti per le vostre avventure in acqua: qualit\u00e0 a prezzi convenienti!\" \/>\n<meta name=\"robots\" content=\"index, follow, max-snippet:-1, max-image-preview:large, max-video-preview:-1\" \/>\n<link rel=\"canonical\" href=\"https:\/\/ocean-yachting.de\/it\/barche-da-rimessaggio\/\" \/>\n<meta property=\"og:locale\" content=\"it_IT\" \/>\n<meta property=\"og:type\" content=\"article\" \/>\n<meta property=\"og:title\" content=\"Offerte interessanti per barche da rimessaggio\" \/>\n<meta property=\"og:description\" content=\"Scegliete tra una variet\u00e0 di modelli di alta qualit\u00e0, perfetti per le vostre avventure in acqua: qualit\u00e0 a prezzi convenienti!\" \/>\n<meta property=\"og:url\" content=\"https:\/\/ocean-yachting.de\/it\/barche-da-rimessaggio\/\" \/>\n<meta property=\"og:site_name\" content=\"ocean-yachting.de\" \/>\n<meta property=\"article:modified_time\" content=\"2025-04-24T13:02:56+00:00\" \/>\n<meta name=\"twitter:card\" content=\"summary_large_image\" \/>\n<script type=\"application\/ld+json\" class=\"yoast-schema-graph\">{\"@context\":\"https:\\\/\\\/schema.org\",\"@graph\":[{\"@type\":\"WebPage\",\"@id\":\"https:\\\/\\\/ocean-yachting.de\\\/it\\\/barche-da-rimessaggio\\\/\",\"url\":\"https:\\\/\\\/ocean-yachting.de\\\/it\\\/barche-da-rimessaggio\\\/\",\"name\":\"Offerte interessanti per barche da rimessaggio\",\"isPartOf\":{\"@id\":\"https:\\\/\\\/ocean-yachting.de\\\/it\\\/#website\"},\"datePublished\":\"2024-09-05T10:11:34+00:00\",\"dateModified\":\"2025-04-24T13:02:56+00:00\",\"description\":\"Scegliete tra una variet\u00e0 di modelli di alta qualit\u00e0, perfetti per le vostre avventure in acqua: qualit\u00e0 a prezzi convenienti!\",\"breadcrumb\":{\"@id\":\"https:\\\/\\\/ocean-yachting.de\\\/it\\\/barche-da-rimessaggio\\\/#breadcrumb\"},\"inLanguage\":\"it-IT\",\"potentialAction\":[{\"@type\":\"ReadAction\",\"target\":[\"https:\\\/\\\/ocean-yachting.de\\\/it\\\/barche-da-rimessaggio\\\/\"]}]},{\"@type\":\"BreadcrumbList\",\"@id\":\"https:\\\/\\\/ocean-yachting.de\\\/it\\\/barche-da-rimessaggio\\\/#breadcrumb\",\"itemListElement\":[{\"@type\":\"ListItem\",\"position\":1,\"name\":\"Startseite\",\"item\":\"https:\\\/\\\/ocean-yachting.de\\\/it\\\/home\\\/\"},{\"@type\":\"ListItem\",\"position\":2,\"name\":\"Barche da rimessaggio\"}]},{\"@type\":\"WebSite\",\"@id\":\"https:\\\/\\\/ocean-yachting.de\\\/it\\\/#website\",\"url\":\"https:\\\/\\\/ocean-yachting.de\\\/it\\\/\",\"name\":\"ocean-yachting.de\",\"description\":\"\",\"publisher\":{\"@id\":\"https:\\\/\\\/ocean-yachting.de\\\/it\\\/#organization\"},\"potentialAction\":[{\"@type\":\"SearchAction\",\"target\":{\"@type\":\"EntryPoint\",\"urlTemplate\":\"https:\\\/\\\/ocean-yachting.de\\\/it\\\/?s={search_term_string}\"},\"query-input\":{\"@type\":\"PropertyValueSpecification\",\"valueRequired\":true,\"valueName\":\"search_term_string\"}}],\"inLanguage\":\"it-IT\"},{\"@type\":\"Organization\",\"@id\":\"https:\\\/\\\/ocean-yachting.de\\\/it\\\/#organization\",\"name\":\"Ocean Yachting GmbH\",\"url\":\"https:\\\/\\\/ocean-yachting.de\\\/it\\\/\",\"logo\":{\"@type\":\"ImageObject\",\"inLanguage\":\"it-IT\",\"@id\":\"https:\\\/\\\/ocean-yachting.de\\\/it\\\/#\\\/schema\\\/logo\\\/image\\\/\",\"url\":\"https:\\\/\\\/ocean-yachting.de\\\/wp-content\\\/uploads\\\/2022\\\/02\\\/ocean-yachting-logo.webp\",\"contentUrl\":\"https:\\\/\\\/ocean-yachting.de\\\/wp-content\\\/uploads\\\/2022\\\/02\\\/ocean-yachting-logo.webp\",\"width\":260,\"height\":57,\"caption\":\"Ocean Yachting GmbH\"},\"image\":{\"@id\":\"https:\\\/\\\/ocean-yachting.de\\\/it\\\/#\\\/schema\\\/logo\\\/image\\\/\"}}]}<\/script>\n<!-- \/ Yoast SEO plugin. -->","yoast_head_json":{"title":"Offerte interessanti per barche da rimessaggio","description":"Scegliete tra una variet\u00e0 di modelli di alta qualit\u00e0, perfetti per le vostre avventure in acqua: qualit\u00e0 a prezzi convenienti!","robots":{"index":"index","follow":"follow","max-snippet":"max-snippet:-1","max-image-preview":"max-image-preview:large","max-video-preview":"max-video-preview:-1"},"canonical":"https:\/\/ocean-yachting.de\/it\/barche-da-rimessaggio\/","og_locale":"it_IT","og_type":"article","og_title":"Offerte interessanti per barche da rimessaggio","og_description":"Scegliete tra una variet\u00e0 di modelli di alta qualit\u00e0, perfetti per le vostre avventure in acqua: qualit\u00e0 a prezzi convenienti!","og_url":"https:\/\/ocean-yachting.de\/it\/barche-da-rimessaggio\/","og_site_name":"ocean-yachting.de","article_modified_time":"2025-04-24T13:02:56+00:00","twitter_card":"summary_large_image","schema":{"@context":"https:\/\/schema.org","@graph":[{"@type":"WebPage","@id":"https:\/\/ocean-yachting.de\/it\/barche-da-rimessaggio\/","url":"https:\/\/ocean-yachting.de\/it\/barche-da-rimessaggio\/","name":"Offerte interessanti per barche da rimessaggio","isPartOf":{"@id":"https:\/\/ocean-yachting.de\/it\/#website"},"datePublished":"2024-09-05T10:11:34+00:00","dateModified":"2025-04-24T13:02:56+00:00","description":"Scegliete tra una variet\u00e0 di modelli di alta qualit\u00e0, perfetti per le vostre avventure in acqua: qualit\u00e0 a prezzi convenienti!","breadcrumb":{"@id":"https:\/\/ocean-yachting.de\/it\/barche-da-rimessaggio\/#breadcrumb"},"inLanguage":"it-IT","potentialAction":[{"@type":"ReadAction","target":["https:\/\/ocean-yachting.de\/it\/barche-da-rimessaggio\/"]}]},{"@type":"BreadcrumbList","@id":"https:\/\/ocean-yachting.de\/it\/barche-da-rimessaggio\/#breadcrumb","itemListElement":[{"@type":"ListItem","position":1,"name":"Startseite","item":"https:\/\/ocean-yachting.de\/it\/home\/"},{"@type":"ListItem","position":2,"name":"Barche da rimessaggio"}]},{"@type":"WebSite","@id":"https:\/\/ocean-yachting.de\/it\/#website","url":"https:\/\/ocean-yachting.de\/it\/","name":"ocean-yachting.de","description":"","publisher":{"@id":"https:\/\/ocean-yachting.de\/it\/#organization"},"potentialAction":[{"@type":"SearchAction","target":{"@type":"EntryPoint","urlTemplate":"https:\/\/ocean-yachting.de\/it\/?s={search_term_string}"},"query-input":{"@type":"PropertyValueSpecification","valueRequired":true,"valueName":"search_term_string"}}],"inLanguage":"it-IT"},{"@type":"Organization","@id":"https:\/\/ocean-yachting.de\/it\/#organization","name":"Ocean Yachting GmbH","url":"https:\/\/ocean-yachting.de\/it\/","logo":{"@type":"ImageObject","inLanguage":"it-IT","@id":"https:\/\/ocean-yachting.de\/it\/#\/schema\/logo\/image\/","url":"https:\/\/ocean-yachting.de\/wp-content\/uploads\/2022\/02\/ocean-yachting-logo.webp","contentUrl":"https:\/\/ocean-yachting.de\/wp-content\/uploads\/2022\/02\/ocean-yachting-logo.webp","width":260,"height":57,"caption":"Ocean Yachting GmbH"},"image":{"@id":"https:\/\/ocean-yachting.de\/it\/#\/schema\/logo\/image\/"}}]}},"_links":{"self":[{"href":"https:\/\/ocean-yachting.de\/it\/wp-json\/wp\/v2\/pages\/7496","targetHints":{"allow":["GET"]}}],"collection":[{"href":"https:\/\/ocean-yachting.de\/it\/wp-json\/wp\/v2\/pages"}],"about":[{"href":"https:\/\/ocean-yachting.de\/it\/wp-json\/wp\/v2\/types\/page"}],"author":[{"embeddable":true,"href":"https:\/\/ocean-yachting.de\/it\/wp-json\/wp\/v2\/users\/3"}],"replies":[{"embeddable":true,"href":"https:\/\/ocean-yachting.de\/it\/wp-json\/wp\/v2\/comments?post=7496"}],"version-history":[{"count":1,"href":"https:\/\/ocean-yachting.de\/it\/wp-json\/wp\/v2\/pages\/7496\/revisions"}],"predecessor-version":[{"id":7497,"href":"https:\/\/ocean-yachting.de\/it\/wp-json\/wp\/v2\/pages\/7496\/revisions\/7497"}],"wp:attachment":[{"href":"https:\/\/ocean-yachting.de\/it\/wp-json\/wp\/v2\/media?parent=7496"}],"curies":[{"name":"wp","href":"https:\/\/api.w.org\/{rel}","templated":true}]}}